{"id":15737,"date":"2025-10-26T11:57:09","date_gmt":"2025-10-26T11:57:09","guid":{"rendered":"https:\/\/zvekir.ba\/?page_id=15737"},"modified":"2025-10-26T12:09:45","modified_gmt":"2025-10-26T12:09:45","slug":"zastita-licnih-podataka","status":"publish","type":"page","link":"https:\/\/zvekir.ba\/en\/zastita-licnih-podataka\/","title":{"rendered":"Privacy Policy"},"content":{"rendered":"<p>Obavezujemo se pru\u017eati za\u0161titu li\u010dnim podacima kupaca, na na\u010din da prikupljamo samo nu\u017ene, osnovne podatke o kupcima \/ korisnicima koji su neophodni za ispunjenje na\u0161ih obaveza; informi\u0161emo kupce o na\u010dinu kori\u0161tenja prikupljenih podataka, redovno dajemo kupcima mogu\u0107nost izbora o upotrebi njihovih podataka, uklju\u010duju\u0107i mogu\u0107nost odluke \u017eele li ili ne da se njihovo ime ukloni sa lista koje se koriste za marketin\u0161ke kampanje.<\/p>\n<p>Svi podaci o korisnicima se strogo \u010duvaju i dostupni su samo zaposlenima kojima su ti podaci nu\u017eni za obavljanje posla.<\/p>\n<p>Svi na\u0161i zaposleni i poslovni partneri odgovorni su za po\u0161tovanje na\u010dela za\u0161tite privatnosti.<\/p>","protected":false},"excerpt":{"rendered":"<p>Obavezujemo se pru\u017eati za\u0161titu li\u010dnim podacima kupaca, na na\u010din da prikupljamo samo nu\u017ene, osnovne podatke o kupcima \/ korisnicima koji su neophodni za ispunjenje na\u0161ih obaveza; informi\u0161emo kupce o na\u010dinu kori\u0161tenja prikupljenih podataka, redovno dajemo kupcima mogu\u0107nost izbora o upotrebi njihovih podataka, uklju\u010duju\u0107i mogu\u0107nost odluke \u017eele li ili ne da se njihovo ime ukloni sa [&hellip;]<\/p>\n","protected":false},"author":1,"featured_media":0,"parent":0,"menu_order":0,"comment_status":"closed","ping_status":"open","template":"","meta":{"inline_featured_image":false,"footnotes":""},"class_list":["post-15737","page","type-page","status-publish","hentry"],"yoast_head":"<!-- This site is optimized with the Yoast SEO Premium plugin v23.5 (Yoast SEO v27.4) - https:\/\/yoast.com\/product\/yoast-seo-premium-wordpress\/ -->\n<title>Za\u0161tita li\u010dnih podataka - Zvekir<\/title>\n<meta name=\"robots\" content=\"index, follow, max-snippet:-1, max-image-preview:large, max-video-preview:-1\" \/>\n<link rel=\"canonical\" href=\"https:\/\/zvekir.ba\/en\/zastita-licnih-podataka\/\" \/>\n<meta property=\"og:locale\" content=\"en_US\" \/>\n<meta property=\"og:type\" content=\"article\" \/>\n<meta property=\"og:title\" content=\"Za\u0161tita li\u010dnih podataka\" \/>\n<meta property=\"og:description\" content=\"Obavezujemo se pru\u017eati za\u0161titu li\u010dnim podacima kupaca, na na\u010din da prikupljamo samo nu\u017ene, osnovne podatke o kupcima \/ korisnicima koji su neophodni za ispunjenje na\u0161ih obaveza; informi\u0161emo kupce o na\u010dinu kori\u0161tenja prikupljenih podataka, redovno dajemo kupcima mogu\u0107nost izbora o upotrebi njihovih podataka, uklju\u010duju\u0107i mogu\u0107nost odluke \u017eele li ili ne da se njihovo ime ukloni sa [&hellip;]\" \/>\n<meta property=\"og:url\" content=\"https:\/\/zvekir.ba\/en\/zastita-licnih-podataka\/\" \/>\n<meta property=\"og:site_name\" content=\"Zvekir\" \/>\n<meta property=\"article:publisher\" content=\"https:\/\/www.facebook.com\/pozvekiri\/\" \/>\n<meta property=\"article:modified_time\" content=\"2025-10-26T12:09:45+00:00\" \/>\n<meta name=\"twitter:card\" content=\"summary_large_image\" \/>\n<meta name=\"twitter:label1\" content=\"Est. reading time\" \/>\n\t<meta name=\"twitter:data1\" content=\"1 minute\" \/>\n<script type=\"application\/ld+json\" class=\"yoast-schema-graph\">{\"@context\":\"https:\\\/\\\/schema.org\",\"@graph\":[{\"@type\":\"WebPage\",\"@id\":\"https:\\\/\\\/zvekir.ba\\\/zastita-licnih-podataka\\\/\",\"url\":\"https:\\\/\\\/zvekir.ba\\\/zastita-licnih-podataka\\\/\",\"name\":\"Za\u0161tita li\u010dnih podataka - Zvekir\",\"isPartOf\":{\"@id\":\"https:\\\/\\\/zvekir.ba\\\/#website\"},\"datePublished\":\"2025-10-26T11:57:09+00:00\",\"dateModified\":\"2025-10-26T12:09:45+00:00\",\"breadcrumb\":{\"@id\":\"https:\\\/\\\/zvekir.ba\\\/zastita-licnih-podataka\\\/#breadcrumb\"},\"inLanguage\":\"en-US\",\"potentialAction\":[{\"@type\":\"ReadAction\",\"target\":[\"https:\\\/\\\/zvekir.ba\\\/zastita-licnih-podataka\\\/\"]}]},{\"@type\":\"BreadcrumbList\",\"@id\":\"https:\\\/\\\/zvekir.ba\\\/zastita-licnih-podataka\\\/#breadcrumb\",\"itemListElement\":[{\"@type\":\"ListItem\",\"position\":1,\"name\":\"Home\",\"item\":\"https:\\\/\\\/zvekir.ba\\\/\"},{\"@type\":\"ListItem\",\"position\":2,\"name\":\"Za\u0161tita li\u010dnih podataka\"}]},{\"@type\":\"WebSite\",\"@id\":\"https:\\\/\\\/zvekir.ba\\\/#website\",\"url\":\"https:\\\/\\\/zvekir.ba\\\/\",\"name\":\"Zvekir\",\"description\":\"Spoj tradicionalnog i modernog\",\"publisher\":{\"@id\":\"https:\\\/\\\/zvekir.ba\\\/#organization\"},\"potentialAction\":[{\"@type\":\"SearchAction\",\"target\":{\"@type\":\"EntryPoint\",\"urlTemplate\":\"https:\\\/\\\/zvekir.ba\\\/?s={search_term_string}\"},\"query-input\":{\"@type\":\"PropertyValueSpecification\",\"valueRequired\":true,\"valueName\":\"search_term_string\"}}],\"inLanguage\":\"en-US\"},{\"@type\":\"Organization\",\"@id\":\"https:\\\/\\\/zvekir.ba\\\/#organization\",\"name\":\"WEB387\",\"url\":\"https:\\\/\\\/zvekir.ba\\\/\",\"logo\":{\"@type\":\"ImageObject\",\"inLanguage\":\"en-US\",\"@id\":\"https:\\\/\\\/zvekir.ba\\\/#\\\/schema\\\/logo\\\/image\\\/\",\"url\":\"https:\\\/\\\/zvekir.ba\\\/wp-content\\\/uploads\\\/2023\\\/08\\\/zvekir_logo.png\",\"contentUrl\":\"https:\\\/\\\/zvekir.ba\\\/wp-content\\\/uploads\\\/2023\\\/08\\\/zvekir_logo.png\",\"width\":200,\"height\":242,\"caption\":\"WEB387\"},\"image\":{\"@id\":\"https:\\\/\\\/zvekir.ba\\\/#\\\/schema\\\/logo\\\/image\\\/\"},\"sameAs\":[\"https:\\\/\\\/www.facebook.com\\\/pozvekiri\\\/\",\"https:\\\/\\\/www.instagram.com\\\/zvekir.ba\\\/\",\"https:\\\/\\\/www.linkedin.com\\\/company\\\/zvekir-ba\"]}]}<\/script>\n<!-- \/ Yoast SEO Premium plugin. -->","yoast_head_json":{"title":"Za\u0161tita li\u010dnih podataka - Zvekir","robots":{"index":"index","follow":"follow","max-snippet":"max-snippet:-1","max-image-preview":"max-image-preview:large","max-video-preview":"max-video-preview:-1"},"canonical":"https:\/\/zvekir.ba\/en\/zastita-licnih-podataka\/","og_locale":"en_US","og_type":"article","og_title":"Za\u0161tita li\u010dnih podataka","og_description":"Obavezujemo se pru\u017eati za\u0161titu li\u010dnim podacima kupaca, na na\u010din da prikupljamo samo nu\u017ene, osnovne podatke o kupcima \/ korisnicima koji su neophodni za ispunjenje na\u0161ih obaveza; informi\u0161emo kupce o na\u010dinu kori\u0161tenja prikupljenih podataka, redovno dajemo kupcima mogu\u0107nost izbora o upotrebi njihovih podataka, uklju\u010duju\u0107i mogu\u0107nost odluke \u017eele li ili ne da se njihovo ime ukloni sa [&hellip;]","og_url":"https:\/\/zvekir.ba\/en\/zastita-licnih-podataka\/","og_site_name":"Zvekir","article_publisher":"https:\/\/www.facebook.com\/pozvekiri\/","article_modified_time":"2025-10-26T12:09:45+00:00","twitter_card":"summary_large_image","twitter_misc":{"Est. reading time":"1 minute"},"schema":{"@context":"https:\/\/schema.org","@graph":[{"@type":"WebPage","@id":"https:\/\/zvekir.ba\/zastita-licnih-podataka\/","url":"https:\/\/zvekir.ba\/zastita-licnih-podataka\/","name":"Za\u0161tita li\u010dnih podataka - Zvekir","isPartOf":{"@id":"https:\/\/zvekir.ba\/#website"},"datePublished":"2025-10-26T11:57:09+00:00","dateModified":"2025-10-26T12:09:45+00:00","breadcrumb":{"@id":"https:\/\/zvekir.ba\/zastita-licnih-podataka\/#breadcrumb"},"inLanguage":"en-US","potentialAction":[{"@type":"ReadAction","target":["https:\/\/zvekir.ba\/zastita-licnih-podataka\/"]}]},{"@type":"BreadcrumbList","@id":"https:\/\/zvekir.ba\/zastita-licnih-podataka\/#breadcrumb","itemListElement":[{"@type":"ListItem","position":1,"name":"Home","item":"https:\/\/zvekir.ba\/"},{"@type":"ListItem","position":2,"name":"Za\u0161tita li\u010dnih podataka"}]},{"@type":"WebSite","@id":"https:\/\/zvekir.ba\/#website","url":"https:\/\/zvekir.ba\/","name":"Zvekir","description":"A combination of traditional and modern","publisher":{"@id":"https:\/\/zvekir.ba\/#organization"},"potentialAction":[{"@type":"SearchAction","target":{"@type":"EntryPoint","urlTemplate":"https:\/\/zvekir.ba\/?s={search_term_string}"},"query-input":{"@type":"PropertyValueSpecification","valueRequired":true,"valueName":"search_term_string"}}],"inLanguage":"en-US"},{"@type":"Organization","@id":"https:\/\/zvekir.ba\/#organization","name":"WEB387","url":"https:\/\/zvekir.ba\/","logo":{"@type":"ImageObject","inLanguage":"en-US","@id":"https:\/\/zvekir.ba\/#\/schema\/logo\/image\/","url":"https:\/\/zvekir.ba\/wp-content\/uploads\/2023\/08\/zvekir_logo.png","contentUrl":"https:\/\/zvekir.ba\/wp-content\/uploads\/2023\/08\/zvekir_logo.png","width":200,"height":242,"caption":"WEB387"},"image":{"@id":"https:\/\/zvekir.ba\/#\/schema\/logo\/image\/"},"sameAs":["https:\/\/www.facebook.com\/pozvekiri\/","https:\/\/www.instagram.com\/zvekir.ba\/","https:\/\/www.linkedin.com\/company\/zvekir-ba"]}]}},"jetpack_sharing_enabled":true,"_links":{"self":[{"href":"https:\/\/zvekir.ba\/en\/wp-json\/wp\/v2\/pages\/15737","targetHints":{"allow":["GET"]}}],"collection":[{"href":"https:\/\/zvekir.ba\/en\/wp-json\/wp\/v2\/pages"}],"about":[{"href":"https:\/\/zvekir.ba\/en\/wp-json\/wp\/v2\/types\/page"}],"author":[{"embeddable":true,"href":"https:\/\/zvekir.ba\/en\/wp-json\/wp\/v2\/users\/1"}],"replies":[{"embeddable":true,"href":"https:\/\/zvekir.ba\/en\/wp-json\/wp\/v2\/comments?post=15737"}],"version-history":[{"count":0,"href":"https:\/\/zvekir.ba\/en\/wp-json\/wp\/v2\/pages\/15737\/revisions"}],"wp:attachment":[{"href":"https:\/\/zvekir.ba\/en\/wp-json\/wp\/v2\/media?parent=15737"}],"curies":[{"name":"wp","href":"https:\/\/api.w.org\/{rel}","templated":true}]}}