{"id":15740,"date":"2025-10-26T11:59:58","date_gmt":"2025-10-26T11:59:58","guid":{"rendered":"https:\/\/zvekir.ba\/?page_id=15740"},"modified":"2025-10-26T12:14:07","modified_gmt":"2025-10-26T12:14:07","slug":"sigurnost-placanja","status":"publish","type":"page","link":"https:\/\/zvekir.ba\/en\/sigurnost-placanja\/","title":{"rendered":"Secure payment"},"content":{"rendered":"<p><img decoding=\"async\" class=\"size-medium wp-image-15741 aligncenter\" src=\"https:\/\/zvekir.ba\/wp-content\/uploads\/2025\/10\/AmomePayments2.png-300x150.webp\" alt=\"\" width=\"300\" height=\"150\" srcset=\"https:\/\/zvekir.ba\/wp-content\/uploads\/2025\/10\/AmomePayments2.png-300x150.webp 300w, https:\/\/zvekir.ba\/wp-content\/uploads\/2025\/10\/AmomePayments2.png-18x9.webp 18w, https:\/\/zvekir.ba\/wp-content\/uploads\/2025\/10\/AmomePayments2.png.webp 720w\" sizes=\"(max-width: 300px) 100vw, 300px\" \/><\/p>\n<p>Tajnost Va\u0161ih podataka je za\u0161ti\u0107ena i osigurana kori\u0161tenjem posljednje verzije TLS enkripcije. Stranice za naplatu putem interneta osigurane su kori\u0161tenjem Secure Socket Layer (SSL) protokola sa 128-bitnom enkripcijom podataka. SSL enkripcija je postupak \u0161ifriranja podataka radi sprje\u010davanja neovla\u0161tenog pristupa prilikom njihovog prijenosa.<\/p>\n<p>Time je omogu\u0107en siguran prijenos informacija te onemogu\u0107en nedozvoljen pristup podacima prilikom komunikacije izme\u0111u korisnikovog ra\u010dunala i Stripe servisa, te obratno.<\/p>\n<p>Stripe servis i financijske ustanove razmjenjuju podatke uporabom virtualne privatne mre\u017ee (VPN), koja je za\u0161ti\u0107ena od neautoriziranog pristupa.<\/p>\n<p>Stripe je certificiran prema sigurnosnom standardu propisanom Visa i Mastercard pravilima.<\/p>\n<p>Trgovac ne pohranjuje brojeve kreditnih kartica i brojevi nisu dostupni neovla\u0161tenim osobama.<\/p>\n<div>OD WEB387 Saarajevo<\/div>\n<div>ul. Grada\u010da\u010dka 26a<\/div>\n<div>71000 Sarajevo, BiH<\/div>\n<div>JIB: 4302859640002<\/div>","protected":false},"excerpt":{"rendered":"<p>Tajnost Va\u0161ih podataka je za\u0161ti\u0107ena i osigurana kori\u0161tenjem posljednje verzije TLS enkripcije. Stranice za naplatu putem interneta osigurane su kori\u0161tenjem Secure Socket Layer (SSL) protokola sa 128-bitnom enkripcijom podataka. SSL enkripcija je postupak \u0161ifriranja podataka radi sprje\u010davanja neovla\u0161tenog pristupa prilikom njihovog prijenosa. Time je omogu\u0107en siguran prijenos informacija te onemogu\u0107en nedozvoljen pristup podacima prilikom komunikacije [&hellip;]<\/p>\n","protected":false},"author":1,"featured_media":0,"parent":0,"menu_order":0,"comment_status":"closed","ping_status":"open","template":"","meta":{"inline_featured_image":false,"footnotes":""},"class_list":["post-15740","page","type-page","status-publish","hentry"],"yoast_head":"<!-- This site is optimized with the Yoast SEO Premium plugin v23.5 (Yoast SEO v27.4) - https:\/\/yoast.com\/product\/yoast-seo-premium-wordpress\/ -->\n<title>Sigurnost pla\u0107anja - Zvekir<\/title>\n<meta name=\"robots\" content=\"index, follow, max-snippet:-1, max-image-preview:large, max-video-preview:-1\" \/>\n<link rel=\"canonical\" href=\"https:\/\/zvekir.ba\/en\/sigurnost-placanja\/\" \/>\n<meta property=\"og:locale\" content=\"en_US\" \/>\n<meta property=\"og:type\" content=\"article\" \/>\n<meta property=\"og:title\" content=\"Sigurnost pla\u0107anja\" \/>\n<meta property=\"og:description\" content=\"Tajnost Va\u0161ih podataka je za\u0161ti\u0107ena i osigurana kori\u0161tenjem posljednje verzije TLS enkripcije. Stranice za naplatu putem interneta osigurane su kori\u0161tenjem Secure Socket Layer (SSL) protokola sa 128-bitnom enkripcijom podataka. SSL enkripcija je postupak \u0161ifriranja podataka radi sprje\u010davanja neovla\u0161tenog pristupa prilikom njihovog prijenosa. Time je omogu\u0107en siguran prijenos informacija te onemogu\u0107en nedozvoljen pristup podacima prilikom komunikacije [&hellip;]\" \/>\n<meta property=\"og:url\" content=\"https:\/\/zvekir.ba\/en\/sigurnost-placanja\/\" \/>\n<meta property=\"og:site_name\" content=\"Zvekir\" \/>\n<meta property=\"article:publisher\" content=\"https:\/\/www.facebook.com\/pozvekiri\/\" \/>\n<meta property=\"article:modified_time\" content=\"2025-10-26T12:14:07+00:00\" \/>\n<meta property=\"og:image\" content=\"https:\/\/zvekir.ba\/wp-content\/uploads\/2025\/10\/AmomePayments2.png.webp\" \/>\n\t<meta property=\"og:image:width\" content=\"720\" \/>\n\t<meta property=\"og:image:height\" content=\"360\" \/>\n\t<meta property=\"og:image:type\" content=\"image\/webp\" \/>\n<meta name=\"twitter:card\" content=\"summary_large_image\" \/>\n<meta name=\"twitter:label1\" content=\"Est. reading time\" \/>\n\t<meta name=\"twitter:data1\" content=\"1 minute\" \/>\n<script type=\"application\/ld+json\" class=\"yoast-schema-graph\">{\"@context\":\"https:\\\/\\\/schema.org\",\"@graph\":[{\"@type\":\"WebPage\",\"@id\":\"https:\\\/\\\/zvekir.ba\\\/sigurnost-placanja\\\/\",\"url\":\"https:\\\/\\\/zvekir.ba\\\/sigurnost-placanja\\\/\",\"name\":\"Sigurnost pla\u0107anja - Zvekir\",\"isPartOf\":{\"@id\":\"https:\\\/\\\/zvekir.ba\\\/#website\"},\"primaryImageOfPage\":{\"@id\":\"https:\\\/\\\/zvekir.ba\\\/sigurnost-placanja\\\/#primaryimage\"},\"image\":{\"@id\":\"https:\\\/\\\/zvekir.ba\\\/sigurnost-placanja\\\/#primaryimage\"},\"thumbnailUrl\":\"https:\\\/\\\/zvekir.ba\\\/wp-content\\\/uploads\\\/2025\\\/10\\\/AmomePayments2.png-300x150.webp\",\"datePublished\":\"2025-10-26T11:59:58+00:00\",\"dateModified\":\"2025-10-26T12:14:07+00:00\",\"breadcrumb\":{\"@id\":\"https:\\\/\\\/zvekir.ba\\\/sigurnost-placanja\\\/#breadcrumb\"},\"inLanguage\":\"en-US\",\"potentialAction\":[{\"@type\":\"ReadAction\",\"target\":[\"https:\\\/\\\/zvekir.ba\\\/sigurnost-placanja\\\/\"]}]},{\"@type\":\"ImageObject\",\"inLanguage\":\"en-US\",\"@id\":\"https:\\\/\\\/zvekir.ba\\\/sigurnost-placanja\\\/#primaryimage\",\"url\":\"https:\\\/\\\/zvekir.ba\\\/wp-content\\\/uploads\\\/2025\\\/10\\\/AmomePayments2.png-300x150.webp\",\"contentUrl\":\"https:\\\/\\\/zvekir.ba\\\/wp-content\\\/uploads\\\/2025\\\/10\\\/AmomePayments2.png-300x150.webp\"},{\"@type\":\"BreadcrumbList\",\"@id\":\"https:\\\/\\\/zvekir.ba\\\/sigurnost-placanja\\\/#breadcrumb\",\"itemListElement\":[{\"@type\":\"ListItem\",\"position\":1,\"name\":\"Home\",\"item\":\"https:\\\/\\\/zvekir.ba\\\/\"},{\"@type\":\"ListItem\",\"position\":2,\"name\":\"Sigurnost pla\u0107anja\"}]},{\"@type\":\"WebSite\",\"@id\":\"https:\\\/\\\/zvekir.ba\\\/#website\",\"url\":\"https:\\\/\\\/zvekir.ba\\\/\",\"name\":\"Zvekir\",\"description\":\"Spoj tradicionalnog i modernog\",\"publisher\":{\"@id\":\"https:\\\/\\\/zvekir.ba\\\/#organization\"},\"potentialAction\":[{\"@type\":\"SearchAction\",\"target\":{\"@type\":\"EntryPoint\",\"urlTemplate\":\"https:\\\/\\\/zvekir.ba\\\/?s={search_term_string}\"},\"query-input\":{\"@type\":\"PropertyValueSpecification\",\"valueRequired\":true,\"valueName\":\"search_term_string\"}}],\"inLanguage\":\"en-US\"},{\"@type\":\"Organization\",\"@id\":\"https:\\\/\\\/zvekir.ba\\\/#organization\",\"name\":\"WEB387\",\"url\":\"https:\\\/\\\/zvekir.ba\\\/\",\"logo\":{\"@type\":\"ImageObject\",\"inLanguage\":\"en-US\",\"@id\":\"https:\\\/\\\/zvekir.ba\\\/#\\\/schema\\\/logo\\\/image\\\/\",\"url\":\"https:\\\/\\\/zvekir.ba\\\/wp-content\\\/uploads\\\/2023\\\/08\\\/zvekir_logo.png\",\"contentUrl\":\"https:\\\/\\\/zvekir.ba\\\/wp-content\\\/uploads\\\/2023\\\/08\\\/zvekir_logo.png\",\"width\":200,\"height\":242,\"caption\":\"WEB387\"},\"image\":{\"@id\":\"https:\\\/\\\/zvekir.ba\\\/#\\\/schema\\\/logo\\\/image\\\/\"},\"sameAs\":[\"https:\\\/\\\/www.facebook.com\\\/pozvekiri\\\/\",\"https:\\\/\\\/www.instagram.com\\\/zvekir.ba\\\/\",\"https:\\\/\\\/www.linkedin.com\\\/company\\\/zvekir-ba\"]}]}<\/script>\n<!-- \/ Yoast SEO Premium plugin. -->","yoast_head_json":{"title":"Sigurnost pla\u0107anja - Zvekir","robots":{"index":"index","follow":"follow","max-snippet":"max-snippet:-1","max-image-preview":"max-image-preview:large","max-video-preview":"max-video-preview:-1"},"canonical":"https:\/\/zvekir.ba\/en\/sigurnost-placanja\/","og_locale":"en_US","og_type":"article","og_title":"Sigurnost pla\u0107anja","og_description":"Tajnost Va\u0161ih podataka je za\u0161ti\u0107ena i osigurana kori\u0161tenjem posljednje verzije TLS enkripcije. Stranice za naplatu putem interneta osigurane su kori\u0161tenjem Secure Socket Layer (SSL) protokola sa 128-bitnom enkripcijom podataka. SSL enkripcija je postupak \u0161ifriranja podataka radi sprje\u010davanja neovla\u0161tenog pristupa prilikom njihovog prijenosa. Time je omogu\u0107en siguran prijenos informacija te onemogu\u0107en nedozvoljen pristup podacima prilikom komunikacije [&hellip;]","og_url":"https:\/\/zvekir.ba\/en\/sigurnost-placanja\/","og_site_name":"Zvekir","article_publisher":"https:\/\/www.facebook.com\/pozvekiri\/","article_modified_time":"2025-10-26T12:14:07+00:00","og_image":[{"width":720,"height":360,"url":"https:\/\/zvekir.ba\/wp-content\/uploads\/2025\/10\/AmomePayments2.png.webp","type":"image\/webp"}],"twitter_card":"summary_large_image","twitter_misc":{"Est. reading time":"1 minute"},"schema":{"@context":"https:\/\/schema.org","@graph":[{"@type":"WebPage","@id":"https:\/\/zvekir.ba\/sigurnost-placanja\/","url":"https:\/\/zvekir.ba\/sigurnost-placanja\/","name":"Sigurnost pla\u0107anja - Zvekir","isPartOf":{"@id":"https:\/\/zvekir.ba\/#website"},"primaryImageOfPage":{"@id":"https:\/\/zvekir.ba\/sigurnost-placanja\/#primaryimage"},"image":{"@id":"https:\/\/zvekir.ba\/sigurnost-placanja\/#primaryimage"},"thumbnailUrl":"https:\/\/zvekir.ba\/wp-content\/uploads\/2025\/10\/AmomePayments2.png-300x150.webp","datePublished":"2025-10-26T11:59:58+00:00","dateModified":"2025-10-26T12:14:07+00:00","breadcrumb":{"@id":"https:\/\/zvekir.ba\/sigurnost-placanja\/#breadcrumb"},"inLanguage":"en-US","potentialAction":[{"@type":"ReadAction","target":["https:\/\/zvekir.ba\/sigurnost-placanja\/"]}]},{"@type":"ImageObject","inLanguage":"en-US","@id":"https:\/\/zvekir.ba\/sigurnost-placanja\/#primaryimage","url":"https:\/\/zvekir.ba\/wp-content\/uploads\/2025\/10\/AmomePayments2.png-300x150.webp","contentUrl":"https:\/\/zvekir.ba\/wp-content\/uploads\/2025\/10\/AmomePayments2.png-300x150.webp"},{"@type":"BreadcrumbList","@id":"https:\/\/zvekir.ba\/sigurnost-placanja\/#breadcrumb","itemListElement":[{"@type":"ListItem","position":1,"name":"Home","item":"https:\/\/zvekir.ba\/"},{"@type":"ListItem","position":2,"name":"Sigurnost pla\u0107anja"}]},{"@type":"WebSite","@id":"https:\/\/zvekir.ba\/#website","url":"https:\/\/zvekir.ba\/","name":"Zvekir","description":"A combination of traditional and modern","publisher":{"@id":"https:\/\/zvekir.ba\/#organization"},"potentialAction":[{"@type":"SearchAction","target":{"@type":"EntryPoint","urlTemplate":"https:\/\/zvekir.ba\/?s={search_term_string}"},"query-input":{"@type":"PropertyValueSpecification","valueRequired":true,"valueName":"search_term_string"}}],"inLanguage":"en-US"},{"@type":"Organization","@id":"https:\/\/zvekir.ba\/#organization","name":"WEB387","url":"https:\/\/zvekir.ba\/","logo":{"@type":"ImageObject","inLanguage":"en-US","@id":"https:\/\/zvekir.ba\/#\/schema\/logo\/image\/","url":"https:\/\/zvekir.ba\/wp-content\/uploads\/2023\/08\/zvekir_logo.png","contentUrl":"https:\/\/zvekir.ba\/wp-content\/uploads\/2023\/08\/zvekir_logo.png","width":200,"height":242,"caption":"WEB387"},"image":{"@id":"https:\/\/zvekir.ba\/#\/schema\/logo\/image\/"},"sameAs":["https:\/\/www.facebook.com\/pozvekiri\/","https:\/\/www.instagram.com\/zvekir.ba\/","https:\/\/www.linkedin.com\/company\/zvekir-ba"]}]}},"jetpack_sharing_enabled":true,"_links":{"self":[{"href":"https:\/\/zvekir.ba\/en\/wp-json\/wp\/v2\/pages\/15740","targetHints":{"allow":["GET"]}}],"collection":[{"href":"https:\/\/zvekir.ba\/en\/wp-json\/wp\/v2\/pages"}],"about":[{"href":"https:\/\/zvekir.ba\/en\/wp-json\/wp\/v2\/types\/page"}],"author":[{"embeddable":true,"href":"https:\/\/zvekir.ba\/en\/wp-json\/wp\/v2\/users\/1"}],"replies":[{"embeddable":true,"href":"https:\/\/zvekir.ba\/en\/wp-json\/wp\/v2\/comments?post=15740"}],"version-history":[{"count":0,"href":"https:\/\/zvekir.ba\/en\/wp-json\/wp\/v2\/pages\/15740\/revisions"}],"wp:attachment":[{"href":"https:\/\/zvekir.ba\/en\/wp-json\/wp\/v2\/media?parent=15740"}],"curies":[{"name":"wp","href":"https:\/\/api.w.org\/{rel}","templated":true}]}}