{"id":3,"date":"2023-08-10T11:06:14","date_gmt":"2023-08-10T11:06:14","guid":{"rendered":"https:\/\/zvekir.ba\/000\/?page_id=3"},"modified":"2025-10-26T12:05:34","modified_gmt":"2025-10-26T12:05:34","slug":"privacy-policy","status":"publish","type":"page","link":"https:\/\/zvekir.ba\/en\/privacy-policy\/","title":{"rendered":"Odredbe i uslovi"},"content":{"rendered":"<p style=\"font-weight: 400;\">Ovim se uslovima utvr\u0111uje postupak naru\u010divanja, pla\u0107anja, isporuke \u00a0te \u00a0reklamacija proizvoda koji su ponu\u0111eni na ovim stranicama. zvekir.ba Internet stranice mogu se koristiti za Va\u0161u privatnu upotrebu bez ikakvih naknada za kori\u0161tenje, a prema sljede\u0107im uslovima i pravilima.\u00a0<\/p>\n<p style=\"font-weight: 400;\">Prodavatelj je OD WEB387 Sarajevo, a kupac je posjetitelj ovih stranica koji popuni elektronsku narud\u017ebu, po\u0161alje je prodavatelju te izvr\u0161i pla\u0107anje putem kreditnih kartica, pouze\u0107em ili virmanom.<\/p>\n<p style=\"font-weight: 400;\"><strong>NARU\u010cIVANJE<\/strong><\/p>\n<p style=\"font-weight: 400;\">Kupac naru\u010duje proizvod ili proizvode putem elektronskog obrasca narud\u017ebe.\u00a0 Kupcem se smatra svaka osoba koja elektronski naru\u010di barem jedan proizvod, popuni tra\u017eene podatke i po\u0161alje narud\u017ebu.\u00a0 Sve cijene izra\u017eene su u bosanskohercegova\u010dkoj nacionalnoj valuti, BAM s PDV-om. Roba se naru\u010duje elektronskim putem, pritiskom na odre\u0111eni proizvod te spremanjem istog u korpu. Roba se smatra naru\u010denom u trenutku kada kupac odabere te potvrdi na\u010din pla\u0107anja.<\/p>\n<p style=\"font-weight: 400;\"><strong>PLA\u0106ANJE<\/strong><\/p>\n<p style=\"font-weight: 400;\">Naru\u010deni proizvodi ili usluge pla\u0107aju se online jednom od kreditnih kartica: Mastercard, Maestro ili Visa kao i Apple Pay, Google Pay. Dodatno, iste je mogu\u0107e platiti pouze\u0107em pri preuzimanju ili virmanom.<\/p>\n<p style=\"font-weight: 400;\"><strong>ISPORUKA<\/strong><\/p>\n<p style=\"font-weight: 400;\">Naru\u010deni proizvodi pakiraju se na na\u010din da tokom uobi\u010dajene manipulacije ne budu o\u0161te\u0107eni. Prilikom preuzimanja kupac je du\u017ean provjeriti stanje po\u0161iljke te u slu\u010daju o\u0161te\u0107enja odmah reklamirati proizvod dostavlja\u010du (zaposleniku firme koja vr\u0161i dostavu). Prodavatelj se odri\u010de svake odgovornosti u vezi o\u0161te\u0107enja koja mogu nastati prilikom dostave. \u00a0<\/p>\n<p style=\"font-weight: 400;\">Ako kupac ne primi robu, ili obavijest o isporuci, nakon \u0161to je poslana, u o\u010dekivanom vremenu, kupac ima pravo o tome obavijestiti prodavatelj kako bi se poduzele radnje pronalaska po\u0161iljke ili kako bi se poslala zamjenska po\u0161iljka. \u00a0<\/p>\n<p style=\"font-weight: 400;\">Ako kupac odbije primiti robu koju je naru\u010dio od prodavatelja ima pravo tra\u017eiti od kupca nadoknadu svih tro\u0161kova koji su vezani za isporuku. \u00a0<\/p>\n<p style=\"font-weight: 400;\">Prodavatelj se obvezuje poslati po\u0161iljku kupcu onoga trenutka kada zaprimi potvrdu kojom se odobrava \u00a0online transakcija. Nakon zaprimanja te potvrde prodavatelj se obvezuje poslati po\u0161iljku u roku do 3 (tri) radnja dana. \u00a0<\/p>\n<p style=\"font-weight: 400;\">Nakon \u0161to dostavlja\u010d (firma koja vr\u0161i dostavu) zaprimi po\u0161iljku od strane prodavatelja, prodavatelj vi\u0161e nije odgovoran za daljnji tok isporuke i eventualna ka\u0161njenja te probleme koji mogu nastati u vezi daljnje manipulacije i isporuke robe.\u00a0<\/p>\n<p style=\"font-weight: 400;\"><strong>REKLAMACIJE<\/strong><\/p>\n<p style=\"font-weight: 400;\">Prodavatelj se obvezuje isporu\u010diti proizvod koji je tehni\u010dki ispravan te odgovara opisu proizvoda navedenom na www.zvekir.ba. Slika koja ilustrira proizvod na Internet stranici ne mora odgovarati stvarnom izgledu proizvoda te kupac ne mo\u017ee reklamirati ovaj segment.\u00a0<\/p>\n<p style=\"font-weight: 400;\">Prodavatelj nije odgovoran za eventualna o\u0161te\u0107enja i ostale obveze koje se nalaze u domeni dostavlja\u010da (firma koja obavlja poslove dostave proizvoda).\u00a0<\/p>\n<p style=\"font-weight: 400;\"><strong>ZA\u0160TITA AUTORSKIH PRAVA<\/strong><\/p>\n<p style=\"font-weight: 400;\">OD WEB387 zadr\u017eava sva autorska prava nad svim materijalima koji se nalaze na web stranici www.zvekir.ba, osim ako druk\u010dije nije nazna\u010deno.<\/p>\n<p style=\"font-weight: 400;\"><strong>OP\u0106ENITO<\/strong><\/p>\n<p style=\"font-weight: 400;\">OD WEB387 Sarajevo zadr\u017eava pravo na izmjenu ovih uslova i pravila. Sve promjene primijenit \u0107e se na kori\u0161tenje ww.zvekir.ba stranica. Kupac snosi odgovornost za ta\u010dnost i potpunost unesenih podataka prilikom kupovine. \u00a0<\/p>\n<p style=\"font-weight: 400;\">Usluge koje Vam pru\u017ea zvekir.ba Internet prodavnica ne uklju\u010duje tro\u0161kove koje snosite koriste\u0107i ra\u010dunarsku opremu i usluge za pristup na\u0161im stranicama. OD WEB387 Sarajevo nije odgovoran za tro\u0161kove telefona, Internet prometa ili bilo koje druge tro\u0161kove do kojih mo\u017ee do\u0107i.<\/p>","protected":false},"excerpt":{"rendered":"<p>Ovim se uslovima utvr\u0111uje postupak naru\u010divanja, pla\u0107anja, isporuke \u00a0te \u00a0reklamacija proizvoda koji su ponu\u0111eni na ovim stranicama. zvekir.ba Internet stranice mogu se koristiti za Va\u0161u privatnu upotrebu bez ikakvih naknada za kori\u0161tenje, a prema sljede\u0107im uslovima i pravilima.\u00a0 Prodavatelj je OD WEB387 Sarajevo, a kupac je posjetitelj ovih stranica koji popuni elektronsku narud\u017ebu, po\u0161alje je [&hellip;]<\/p>\n","protected":false},"author":1,"featured_media":0,"parent":0,"menu_order":0,"comment_status":"closed","ping_status":"open","template":"","meta":{"inline_featured_image":false,"footnotes":""},"class_list":["post-3","page","type-page","status-publish","hentry"],"yoast_head":"<!-- This site is optimized with the Yoast SEO Premium plugin v23.5 (Yoast SEO v27.4) - https:\/\/yoast.com\/product\/yoast-seo-premium-wordpress\/ -->\n<title>Odredbe i uslovi - Zvekir<\/title>\n<meta name=\"robots\" content=\"index, follow, max-snippet:-1, max-image-preview:large, max-video-preview:-1\" \/>\n<link rel=\"canonical\" href=\"https:\/\/zvekir.ba\/en\/privacy-policy\/\" \/>\n<meta property=\"og:locale\" content=\"en_US\" \/>\n<meta property=\"og:type\" content=\"article\" \/>\n<meta property=\"og:title\" content=\"Odredbe i uslovi\" \/>\n<meta property=\"og:description\" content=\"Ovim se uslovima utvr\u0111uje postupak naru\u010divanja, pla\u0107anja, isporuke \u00a0te \u00a0reklamacija proizvoda koji su ponu\u0111eni na ovim stranicama. zvekir.ba Internet stranice mogu se koristiti za Va\u0161u privatnu upotrebu bez ikakvih naknada za kori\u0161tenje, a prema sljede\u0107im uslovima i pravilima.\u00a0 Prodavatelj je OD WEB387 Sarajevo, a kupac je posjetitelj ovih stranica koji popuni elektronsku narud\u017ebu, po\u0161alje je [&hellip;]\" \/>\n<meta property=\"og:url\" content=\"https:\/\/zvekir.ba\/en\/privacy-policy\/\" \/>\n<meta property=\"og:site_name\" content=\"Zvekir\" \/>\n<meta property=\"article:publisher\" content=\"https:\/\/www.facebook.com\/pozvekiri\/\" \/>\n<meta property=\"article:modified_time\" content=\"2025-10-26T12:05:34+00:00\" \/>\n<meta name=\"twitter:card\" content=\"summary_large_image\" \/>\n<meta name=\"twitter:label1\" content=\"Est. reading time\" \/>\n\t<meta name=\"twitter:data1\" content=\"3 minutes\" \/>\n<script type=\"application\/ld+json\" class=\"yoast-schema-graph\">{\"@context\":\"https:\\\/\\\/schema.org\",\"@graph\":[{\"@type\":\"WebPage\",\"@id\":\"https:\\\/\\\/zvekir.ba\\\/privacy-policy\\\/\",\"url\":\"https:\\\/\\\/zvekir.ba\\\/privacy-policy\\\/\",\"name\":\"Odredbe i uslovi - Zvekir\",\"isPartOf\":{\"@id\":\"https:\\\/\\\/zvekir.ba\\\/#website\"},\"datePublished\":\"2023-08-10T11:06:14+00:00\",\"dateModified\":\"2025-10-26T12:05:34+00:00\",\"breadcrumb\":{\"@id\":\"https:\\\/\\\/zvekir.ba\\\/privacy-policy\\\/#breadcrumb\"},\"inLanguage\":\"en-US\",\"potentialAction\":[{\"@type\":\"ReadAction\",\"target\":[\"https:\\\/\\\/zvekir.ba\\\/privacy-policy\\\/\"]}]},{\"@type\":\"BreadcrumbList\",\"@id\":\"https:\\\/\\\/zvekir.ba\\\/privacy-policy\\\/#breadcrumb\",\"itemListElement\":[{\"@type\":\"ListItem\",\"position\":1,\"name\":\"Home\",\"item\":\"https:\\\/\\\/zvekir.ba\\\/\"},{\"@type\":\"ListItem\",\"position\":2,\"name\":\"Odredbe i uslovi\"}]},{\"@type\":\"WebSite\",\"@id\":\"https:\\\/\\\/zvekir.ba\\\/#website\",\"url\":\"https:\\\/\\\/zvekir.ba\\\/\",\"name\":\"Zvekir\",\"description\":\"Spoj tradicionalnog i modernog\",\"publisher\":{\"@id\":\"https:\\\/\\\/zvekir.ba\\\/#organization\"},\"potentialAction\":[{\"@type\":\"SearchAction\",\"target\":{\"@type\":\"EntryPoint\",\"urlTemplate\":\"https:\\\/\\\/zvekir.ba\\\/?s={search_term_string}\"},\"query-input\":{\"@type\":\"PropertyValueSpecification\",\"valueRequired\":true,\"valueName\":\"search_term_string\"}}],\"inLanguage\":\"en-US\"},{\"@type\":\"Organization\",\"@id\":\"https:\\\/\\\/zvekir.ba\\\/#organization\",\"name\":\"WEB387\",\"url\":\"https:\\\/\\\/zvekir.ba\\\/\",\"logo\":{\"@type\":\"ImageObject\",\"inLanguage\":\"en-US\",\"@id\":\"https:\\\/\\\/zvekir.ba\\\/#\\\/schema\\\/logo\\\/image\\\/\",\"url\":\"https:\\\/\\\/zvekir.ba\\\/wp-content\\\/uploads\\\/2023\\\/08\\\/zvekir_logo.png\",\"contentUrl\":\"https:\\\/\\\/zvekir.ba\\\/wp-content\\\/uploads\\\/2023\\\/08\\\/zvekir_logo.png\",\"width\":200,\"height\":242,\"caption\":\"WEB387\"},\"image\":{\"@id\":\"https:\\\/\\\/zvekir.ba\\\/#\\\/schema\\\/logo\\\/image\\\/\"},\"sameAs\":[\"https:\\\/\\\/www.facebook.com\\\/pozvekiri\\\/\",\"https:\\\/\\\/www.instagram.com\\\/zvekir.ba\\\/\",\"https:\\\/\\\/www.linkedin.com\\\/company\\\/zvekir-ba\"]}]}<\/script>\n<!-- \/ Yoast SEO Premium plugin. -->","yoast_head_json":{"title":"Odredbe i uslovi - Zvekir","robots":{"index":"index","follow":"follow","max-snippet":"max-snippet:-1","max-image-preview":"max-image-preview:large","max-video-preview":"max-video-preview:-1"},"canonical":"https:\/\/zvekir.ba\/en\/privacy-policy\/","og_locale":"en_US","og_type":"article","og_title":"Odredbe i uslovi","og_description":"Ovim se uslovima utvr\u0111uje postupak naru\u010divanja, pla\u0107anja, isporuke \u00a0te \u00a0reklamacija proizvoda koji su ponu\u0111eni na ovim stranicama. zvekir.ba Internet stranice mogu se koristiti za Va\u0161u privatnu upotrebu bez ikakvih naknada za kori\u0161tenje, a prema sljede\u0107im uslovima i pravilima.\u00a0 Prodavatelj je OD WEB387 Sarajevo, a kupac je posjetitelj ovih stranica koji popuni elektronsku narud\u017ebu, po\u0161alje je [&hellip;]","og_url":"https:\/\/zvekir.ba\/en\/privacy-policy\/","og_site_name":"Zvekir","article_publisher":"https:\/\/www.facebook.com\/pozvekiri\/","article_modified_time":"2025-10-26T12:05:34+00:00","twitter_card":"summary_large_image","twitter_misc":{"Est. reading time":"3 minutes"},"schema":{"@context":"https:\/\/schema.org","@graph":[{"@type":"WebPage","@id":"https:\/\/zvekir.ba\/privacy-policy\/","url":"https:\/\/zvekir.ba\/privacy-policy\/","name":"Odredbe i uslovi - Zvekir","isPartOf":{"@id":"https:\/\/zvekir.ba\/#website"},"datePublished":"2023-08-10T11:06:14+00:00","dateModified":"2025-10-26T12:05:34+00:00","breadcrumb":{"@id":"https:\/\/zvekir.ba\/privacy-policy\/#breadcrumb"},"inLanguage":"en-US","potentialAction":[{"@type":"ReadAction","target":["https:\/\/zvekir.ba\/privacy-policy\/"]}]},{"@type":"BreadcrumbList","@id":"https:\/\/zvekir.ba\/privacy-policy\/#breadcrumb","itemListElement":[{"@type":"ListItem","position":1,"name":"Home","item":"https:\/\/zvekir.ba\/"},{"@type":"ListItem","position":2,"name":"Odredbe i uslovi"}]},{"@type":"WebSite","@id":"https:\/\/zvekir.ba\/#website","url":"https:\/\/zvekir.ba\/","name":"Zvekir","description":"A combination of traditional and modern","publisher":{"@id":"https:\/\/zvekir.ba\/#organization"},"potentialAction":[{"@type":"SearchAction","target":{"@type":"EntryPoint","urlTemplate":"https:\/\/zvekir.ba\/?s={search_term_string}"},"query-input":{"@type":"PropertyValueSpecification","valueRequired":true,"valueName":"search_term_string"}}],"inLanguage":"en-US"},{"@type":"Organization","@id":"https:\/\/zvekir.ba\/#organization","name":"WEB387","url":"https:\/\/zvekir.ba\/","logo":{"@type":"ImageObject","inLanguage":"en-US","@id":"https:\/\/zvekir.ba\/#\/schema\/logo\/image\/","url":"https:\/\/zvekir.ba\/wp-content\/uploads\/2023\/08\/zvekir_logo.png","contentUrl":"https:\/\/zvekir.ba\/wp-content\/uploads\/2023\/08\/zvekir_logo.png","width":200,"height":242,"caption":"WEB387"},"image":{"@id":"https:\/\/zvekir.ba\/#\/schema\/logo\/image\/"},"sameAs":["https:\/\/www.facebook.com\/pozvekiri\/","https:\/\/www.instagram.com\/zvekir.ba\/","https:\/\/www.linkedin.com\/company\/zvekir-ba"]}]}},"jetpack_sharing_enabled":true,"_links":{"self":[{"href":"https:\/\/zvekir.ba\/en\/wp-json\/wp\/v2\/pages\/3","targetHints":{"allow":["GET"]}}],"collection":[{"href":"https:\/\/zvekir.ba\/en\/wp-json\/wp\/v2\/pages"}],"about":[{"href":"https:\/\/zvekir.ba\/en\/wp-json\/wp\/v2\/types\/page"}],"author":[{"embeddable":true,"href":"https:\/\/zvekir.ba\/en\/wp-json\/wp\/v2\/users\/1"}],"replies":[{"embeddable":true,"href":"https:\/\/zvekir.ba\/en\/wp-json\/wp\/v2\/comments?post=3"}],"version-history":[{"count":0,"href":"https:\/\/zvekir.ba\/en\/wp-json\/wp\/v2\/pages\/3\/revisions"}],"wp:attachment":[{"href":"https:\/\/zvekir.ba\/en\/wp-json\/wp\/v2\/media?parent=3"}],"curies":[{"name":"wp","href":"https:\/\/api.w.org\/{rel}","templated":true}]}}