{"id":633,"date":"2020-10-13T09:00:26","date_gmt":"2020-10-13T09:00:26","guid":{"rendered":"http:\/\/localhost\/razzi\/?page_id=633"},"modified":"2025-05-09T12:41:07","modified_gmt":"2025-05-09T12:41:07","slug":"o-zvekiru","status":"publish","type":"page","link":"https:\/\/zvekir.ba\/en\/o-zvekiru\/","title":{"rendered":"About Zvekir"},"content":{"rendered":"<div data-elementor-type=\"wp-page\" data-elementor-id=\"633\" class=\"elementor elementor-633\" data-elementor-post-type=\"page\">\n\t\t\t\t\t\t<section class=\"elementor-section elementor-top-section elementor-element elementor-element-a9435d9 elementor-section-boxed elementor-section-height-default elementor-section-height-default\" data-id=\"a9435d9\" data-element_type=\"section\" data-e-type=\"section\">\n\t\t\t\t\t\t<div class=\"elementor-container elementor-column-gap-extended\">\n\t\t\t\t\t<div class=\"elementor-column elementor-col-50 elementor-top-column elementor-element elementor-element-2ca6e37\" data-id=\"2ca6e37\" data-element_type=\"column\" data-e-type=\"column\">\n\t\t\t<div class=\"elementor-widget-wrap elementor-element-populated\">\n\t\t\t\t\t\t<div class=\"elementor-element elementor-element-19a047b elementor-widget elementor-widget-image\" data-id=\"19a047b\" data-element_type=\"widget\" data-e-type=\"widget\" data-widget_type=\"image.default\">\n\t\t\t\t<div class=\"elementor-widget-container\">\n\t\t\t\t\t\t\t\t\t\t\t\t\t\t\t<img fetchpriority=\"high\" decoding=\"async\" width=\"640\" height=\"695\" src=\"https:\/\/zvekir.ba\/wp-content\/uploads\/2023\/08\/zvekir_onama.jpg\" class=\"attachment-large size-large wp-image-12543\" alt=\"\" srcset=\"https:\/\/zvekir.ba\/wp-content\/uploads\/2023\/08\/zvekir_onama.jpg 787w, https:\/\/zvekir.ba\/wp-content\/uploads\/2023\/08\/zvekir_onama-276x300.jpg 276w, https:\/\/zvekir.ba\/wp-content\/uploads\/2023\/08\/zvekir_onama-768x834.jpg 768w, https:\/\/zvekir.ba\/wp-content\/uploads\/2023\/08\/zvekir_onama-670x728.jpg 670w\" sizes=\"(max-width: 640px) 100vw, 640px\" \/>\t\t\t\t\t\t\t\t\t\t\t\t\t\t\t<\/div>\n\t\t\t\t<\/div>\n\t\t\t\t\t<\/div>\n\t\t<\/div>\n\t\t\t\t<div class=\"elementor-column elementor-col-50 elementor-top-column elementor-element elementor-element-0f3eef1\" data-id=\"0f3eef1\" data-element_type=\"column\" data-e-type=\"column\">\n\t\t\t<div class=\"elementor-widget-wrap elementor-element-populated\">\n\t\t\t\t\t\t<div class=\"elementor-element elementor-element-57f1c50 elementor-widget elementor-widget-heading\" data-id=\"57f1c50\" data-element_type=\"widget\" data-e-type=\"widget\" data-widget_type=\"heading.default\">\n\t\t\t\t<div class=\"elementor-widget-container\">\n\t\t\t\t\t<h6 class=\"elementor-heading-title elementor-size-default\">zvekir.ba<\/h6>\t\t\t\t<\/div>\n\t\t\t\t<\/div>\n\t\t\t\t<div class=\"elementor-element elementor-element-b2daf09 elementor-widget elementor-widget-heading\" data-id=\"b2daf09\" data-element_type=\"widget\" data-e-type=\"widget\" data-widget_type=\"heading.default\">\n\t\t\t\t<div class=\"elementor-widget-container\">\n\t\t\t\t\t<h3 class=\"elementor-heading-title elementor-size-default\">Our story<\/h3>\t\t\t\t<\/div>\n\t\t\t\t<\/div>\n\t\t\t\t<div class=\"elementor-element elementor-element-20f4454 elementor-widget elementor-widget-text-editor\" data-id=\"20f4454\" data-element_type=\"widget\" data-e-type=\"widget\" data-widget_type=\"text-editor.default\">\n\t\t\t\t<div class=\"elementor-widget-container\">\n\t\t\t\t\t\t\t\t\t<p>Following global trends in the development of gadgets \u2013 mobile phone accessories, a team of young people within the company <a href=\"https:\/\/web387.com\">WEB387 <\/a>has developed a Bosnian version of the currently popular \u201cphone finger ring.\u201d<\/p>\n<p>Zvekir is made of zamak, a material that is an alloy of zinc and aluminum. The movable joint rotates 360 degrees and adjusts to the hand. When positioned at a 90-degree angle, it serves as a phone stand. It is ideal for secure photography and comfortable typing.<\/p>\n<p>Zvekir is packaged in a wooden box on which your logo can be engraved. The packaging also includes a booklet explaining the symbolism of the zvekir in multiple languages. Zvekir is applied to the back of the phone.<\/p>\n<p>Just as our team \u201c#pozvekirio\u201d while creating this gadget, we hope that you will also \u201cpozvekiriti\u201d with us by carrying a touch of homeland on your mobile phones. You can gift it to everyone who has felt what Bosnia and Herzegovina is and wishes to take a part of it with them\u2026<\/p>\t\t\t\t\t\t\t\t<\/div>\n\t\t\t\t<\/div>\n\t\t\t\t\t<\/div>\n\t\t<\/div>\n\t\t\t\t\t<\/div>\n\t\t<\/section>\n\t\t\t\t<section class=\"elementor-section elementor-top-section elementor-element elementor-element-d546ecf elementor-section-boxed elementor-section-height-default elementor-section-height-default\" data-id=\"d546ecf\" data-element_type=\"section\" data-e-type=\"section\">\n\t\t\t\t\t\t<div class=\"elementor-container elementor-column-gap-extended\">\n\t\t\t\t\t<div class=\"elementor-column elementor-col-50 elementor-top-column elementor-element elementor-element-d2c4dae\" data-id=\"d2c4dae\" data-element_type=\"column\" data-e-type=\"column\">\n\t\t\t<div class=\"elementor-widget-wrap elementor-element-populated\">\n\t\t\t\t\t\t<div class=\"elementor-element elementor-element-44106c2 elementor-widget elementor-widget-heading\" data-id=\"44106c2\" data-element_type=\"widget\" data-e-type=\"widget\" data-widget_type=\"heading.default\">\n\t\t\t\t<div class=\"elementor-widget-container\">\n\t\t\t\t\t<h6 class=\"elementor-heading-title elementor-size-default\">ZVEKIR.BA<\/h6>\t\t\t\t<\/div>\n\t\t\t\t<\/div>\n\t\t\t\t<div class=\"elementor-element elementor-element-571e772 elementor-widget elementor-widget-heading\" data-id=\"571e772\" data-element_type=\"widget\" data-e-type=\"widget\" data-widget_type=\"heading.default\">\n\t\t\t\t<div class=\"elementor-widget-container\">\n\t\t\t\t\t<h3 class=\"elementor-heading-title elementor-size-default\">What is Zvekir?\n<\/h3>\t\t\t\t<\/div>\n\t\t\t\t<\/div>\n\t\t\t\t<div class=\"elementor-element elementor-element-92f7a50 elementor-widget elementor-widget-text-editor\" data-id=\"92f7a50\" data-element_type=\"widget\" data-e-type=\"widget\" data-widget_type=\"text-editor.default\">\n\t\t\t\t<div class=\"elementor-widget-container\">\n\t\t\t\t\t\t\t\t\t<p>A zvekir is a metal ring attached to entrance doors, made in the shape of a ring or knocker. In the past, it served as a replacement for a doorbell.<\/p><p>Craftsmen shaped them from wrought iron, as well as from bronze, and even gold. In Bosnia and Herzegovina, they can still be seen in the old parts of cities, on the doors of traditional Bosnian houses.<\/p>\t\t\t\t\t\t\t\t<\/div>\n\t\t\t\t<\/div>\n\t\t\t\t<div class=\"elementor-element elementor-element-7b074ab elementor-widget elementor-widget-text-editor\" data-id=\"7b074ab\" data-element_type=\"widget\" data-e-type=\"widget\" data-widget_type=\"text-editor.default\">\n\t\t\t\t<div class=\"elementor-widget-container\">\n\t\t\t\t\t\t\t\t\t<p>Zvekir symbolizes power, placed with the intention of impressing a guest even before they enter the host\u2019s home.<\/p><p>The person wishing to be heard by the household strikes the ring. By tradition, the ring is struck three times until someone comes out to greet the guest and welcome them.<\/p>\t\t\t\t\t\t\t\t<\/div>\n\t\t\t\t<\/div>\n\t\t\t\t\t<\/div>\n\t\t<\/div>\n\t\t\t\t<div class=\"elementor-column elementor-col-50 elementor-top-column elementor-element elementor-element-42aaa27\" data-id=\"42aaa27\" data-element_type=\"column\" data-e-type=\"column\">\n\t\t\t<div class=\"elementor-widget-wrap elementor-element-populated\">\n\t\t\t\t\t\t<div class=\"elementor-element elementor-element-e7bc62e elementor-widget elementor-widget-image\" data-id=\"e7bc62e\" data-element_type=\"widget\" data-e-type=\"widget\" data-widget_type=\"image.default\">\n\t\t\t\t<div class=\"elementor-widget-container\">\n\t\t\t\t\t\t\t\t\t\t\t\t\t\t\t<img decoding=\"async\" width=\"640\" height=\"696\" src=\"https:\/\/zvekir.ba\/wp-content\/uploads\/2023\/08\/sta-je-zvekir-768x835-1.jpg\" class=\"attachment-large size-large wp-image-12544\" alt=\"\" srcset=\"https:\/\/zvekir.ba\/wp-content\/uploads\/2023\/08\/sta-je-zvekir-768x835-1.jpg 768w, https:\/\/zvekir.ba\/wp-content\/uploads\/2023\/08\/sta-je-zvekir-768x835-1-276x300.jpg 276w, https:\/\/zvekir.ba\/wp-content\/uploads\/2023\/08\/sta-je-zvekir-768x835-1-670x728.jpg 670w\" sizes=\"(max-width: 640px) 100vw, 640px\" \/>\t\t\t\t\t\t\t\t\t\t\t\t\t\t\t<\/div>\n\t\t\t\t<\/div>\n\t\t\t\t\t<\/div>\n\t\t<\/div>\n\t\t\t\t\t<\/div>\n\t\t<\/section>\n\t\t\t\t<section class=\"elementor-section elementor-top-section elementor-element elementor-element-2b24b4d elementor-section-boxed elementor-section-height-default elementor-section-height-default\" data-id=\"2b24b4d\" data-element_type=\"section\" data-e-type=\"section\">\n\t\t\t\t\t\t<div class=\"elementor-container elementor-column-gap-extended\">\n\t\t\t\t\t<div class=\"elementor-column elementor-col-50 elementor-top-column elementor-element elementor-element-5ad4024\" data-id=\"5ad4024\" data-element_type=\"column\" data-e-type=\"column\">\n\t\t\t<div class=\"elementor-widget-wrap elementor-element-populated\">\n\t\t\t\t\t\t<div class=\"elementor-element elementor-element-116bcac elementor-widget elementor-widget-image\" data-id=\"116bcac\" data-element_type=\"widget\" data-e-type=\"widget\" data-widget_type=\"image.default\">\n\t\t\t\t<div class=\"elementor-widget-container\">\n\t\t\t\t\t\t\t\t\t\t\t\t\t\t\t<img decoding=\"async\" width=\"640\" height=\"762\" src=\"https:\/\/zvekir.ba\/wp-content\/uploads\/2023\/08\/158618816_3893825547361139_6612585589746472318_n.jpg\" class=\"attachment-large size-large wp-image-12560\" alt=\"\" srcset=\"https:\/\/zvekir.ba\/wp-content\/uploads\/2023\/08\/158618816_3893825547361139_6612585589746472318_n.jpg 640w, https:\/\/zvekir.ba\/wp-content\/uploads\/2023\/08\/158618816_3893825547361139_6612585589746472318_n-252x300.jpg 252w\" sizes=\"(max-width: 640px) 100vw, 640px\" \/>\t\t\t\t\t\t\t\t\t\t\t\t\t\t\t<\/div>\n\t\t\t\t<\/div>\n\t\t\t\t\t<\/div>\n\t\t<\/div>\n\t\t\t\t<div class=\"elementor-column elementor-col-50 elementor-top-column elementor-element elementor-element-dc1eb12\" data-id=\"dc1eb12\" data-element_type=\"column\" data-e-type=\"column\">\n\t\t\t<div class=\"elementor-widget-wrap elementor-element-populated\">\n\t\t\t\t\t\t<div class=\"elementor-element elementor-element-72084b7 elementor-widget elementor-widget-heading\" data-id=\"72084b7\" data-element_type=\"widget\" data-e-type=\"widget\" data-widget_type=\"heading.default\">\n\t\t\t\t<div class=\"elementor-widget-container\">\n\t\t\t\t\t<h6 class=\"elementor-heading-title elementor-size-default\">zvekir.ba<\/h6>\t\t\t\t<\/div>\n\t\t\t\t<\/div>\n\t\t\t\t<div class=\"elementor-element elementor-element-424e3fd elementor-widget elementor-widget-heading\" data-id=\"424e3fd\" data-element_type=\"widget\" data-e-type=\"widget\" data-widget_type=\"heading.default\">\n\t\t\t\t<div class=\"elementor-widget-container\">\n\t\t\t\t\t<h3 class=\"elementor-heading-title elementor-size-default\">The Symbolism of the Zvekir\n<\/h3>\t\t\t\t<\/div>\n\t\t\t\t<\/div>\n\t\t\t\t<div class=\"elementor-element elementor-element-7b1eca9 elementor-widget elementor-widget-text-editor\" data-id=\"7b1eca9\" data-element_type=\"widget\" data-e-type=\"widget\" data-widget_type=\"text-editor.default\">\n\t\t\t\t<div class=\"elementor-widget-container\">\n\t\t\t\t\t\t\t\t\t<p>Today, in the era of modern doorbells, the zvekir has lost its original function but still retains strong symbolism. The sound of striking the zvekir on the door has been featured in many Bosnian sevdalinka songs and serves as a metaphor for a guest\u2019s arrival.<br \/><br \/>In songs, the Zvekir refers to the doors of Bosnia, open for centuries to all well-intentioned visitors. Today, the zvekir is one of the symbols of the city of Sarajevo. It can be seen on the emblems of museums in Sarajevo and on the institutions of the Sarajevo Canton.<br \/><br \/>Interestingly, the word \u201cZvekir\u201d has the same meaning among all the peoples of the former Yugoslavia. Its powerful symbolism was not ignored by the British Empire either, as the entrance to the residence of the Prime Minister of the United Kingdom at 10 Downing Street in London is also adorned with a massive zvekir featuring a lion\u2019s head. One of the oldest known zvekirs is located in France, on the northern side of the Le Puy Cathedral, and dates back to the 11th century.<\/p>\t\t\t\t\t\t\t\t<\/div>\n\t\t\t\t<\/div>\n\t\t\t\t\t<\/div>\n\t\t<\/div>\n\t\t\t\t\t<\/div>\n\t\t<\/section>\n\t\t\t\t<\/div>","protected":false},"excerpt":{"rendered":"<p>zvekir.ba Na\u0161a pri\u010da Prate\u0107i svjetske trendove u razvoju gadgeta \u2013 dodataka za mobitele, tim mladih ljudi u kompaniji WEB387 razvio je bh. verziju trenutno popularnog \u201cphone finger ringa\u201d. Zvekir je izra\u0111en od zamka, materijala koji je spoj cinka i aluminijuma. Pokretni zglob se okre\u0107e za 360 stepeni i prilago\u0111ava ruci. Postavljen pod 90 stepeni slu\u017ei [&hellip;]<\/p>\n","protected":false},"author":1,"featured_media":0,"parent":0,"menu_order":0,"comment_status":"closed","ping_status":"closed","template":"","meta":{"inline_featured_image":false,"footnotes":""},"class_list":["post-633","page","type-page","status-publish","hentry"],"yoast_head":"<!-- This site is optimized with the Yoast SEO Premium plugin v23.5 (Yoast SEO v27.4) - https:\/\/yoast.com\/product\/yoast-seo-premium-wordpress\/ -->\n<title>O Zvekiru | Zvekir - Spoj tradicionalnog i modernog<\/title>\n<meta name=\"description\" content=\"Prate\u0107i svjetske trendove u razvoju gadgeta \u2013 dodataka za mobitele, tim mladih ljudi u kompaniji WEB387 razvio je bh. verziju trenutno popularnog \u201cphone finger ringa\u201d.\" \/>\n<meta name=\"robots\" content=\"index, follow, max-snippet:-1, max-image-preview:large, max-video-preview:-1\" \/>\n<link rel=\"canonical\" href=\"https:\/\/zvekir.ba\/en\/o-zvekiru\/\" \/>\n<meta property=\"og:locale\" content=\"en_US\" \/>\n<meta property=\"og:type\" content=\"article\" \/>\n<meta property=\"og:title\" content=\"O Zvekiru | Zvekir - Spoj tradicionalnog i modernog\" \/>\n<meta property=\"og:description\" content=\"Prate\u0107i svjetske trendove u razvoju gadgeta \u2013 dodataka za mobitele, tim mladih ljudi u kompaniji WEB387 razvio je bh. verziju trenutno popularnog \u201cphone finger ringa\u201d.Zvekir je izra\u0111en od zamka, materijala koji je spoj cinka i aluminijuma. Pokretni zglob se okre\u0107e za 360 stepeni i prilago\u0111ava ruci. Postavljen pod 90 stepeni slu\u017ei kao dr\u017ea\u010d telefona. Idealan je za sigurno slikanje i pisanje.\" \/>\n<meta property=\"og:url\" content=\"https:\/\/zvekir.ba\/en\/o-zvekiru\/\" \/>\n<meta property=\"og:site_name\" content=\"Zvekir\" \/>\n<meta property=\"article:publisher\" content=\"https:\/\/www.facebook.com\/pozvekiri\/\" \/>\n<meta property=\"article:modified_time\" content=\"2025-05-09T12:41:07+00:00\" \/>\n<meta property=\"og:image\" content=\"https:\/\/zvekir.ba\/wp-content\/uploads\/2023\/08\/zvekir_onama.jpg\" \/>\n\t<meta property=\"og:image:width\" content=\"787\" \/>\n\t<meta property=\"og:image:height\" content=\"855\" \/>\n\t<meta property=\"og:image:type\" content=\"image\/jpeg\" \/>\n<meta name=\"twitter:card\" content=\"summary_large_image\" \/>\n<meta name=\"twitter:title\" content=\"O Zvekiru | Zvekir - Spoj tradicionalnog i modernog\" \/>\n<meta name=\"twitter:description\" content=\"Prate\u0107i svjetske trendove u razvoju gadgeta \u2013 dodataka za mobitele, tim mladih ljudi u kompaniji WEB387 razvio je bh. verziju trenutno popularnog \u201cphone finger ringa\u201d.Zvekir je izra\u0111en od zamka, materijala koji je spoj cinka i aluminijuma. Pokretni zglob se okre\u0107e za 360 stepeni i prilago\u0111ava ruci. Postavljen pod 90 stepeni slu\u017ei kao dr\u017ea\u010d telefona. Idealan je za sigurno slikanje i pisanje.\" \/>\n<meta name=\"twitter:label1\" content=\"Est. reading time\" \/>\n\t<meta name=\"twitter:data1\" content=\"3 minutes\" \/>\n<script type=\"application\/ld+json\" class=\"yoast-schema-graph\">{\"@context\":\"https:\\\/\\\/schema.org\",\"@graph\":[{\"@type\":\"WebPage\",\"@id\":\"https:\\\/\\\/zvekir.ba\\\/o-zvekiru\\\/\",\"url\":\"https:\\\/\\\/zvekir.ba\\\/o-zvekiru\\\/\",\"name\":\"O Zvekiru | Zvekir - Spoj tradicionalnog i modernog\",\"isPartOf\":{\"@id\":\"https:\\\/\\\/zvekir.ba\\\/#website\"},\"primaryImageOfPage\":{\"@id\":\"https:\\\/\\\/zvekir.ba\\\/o-zvekiru\\\/#primaryimage\"},\"image\":{\"@id\":\"https:\\\/\\\/zvekir.ba\\\/o-zvekiru\\\/#primaryimage\"},\"thumbnailUrl\":\"https:\\\/\\\/zvekir.ba\\\/wp-content\\\/uploads\\\/2023\\\/08\\\/zvekir_onama.jpg\",\"datePublished\":\"2020-10-13T09:00:26+00:00\",\"dateModified\":\"2025-05-09T12:41:07+00:00\",\"description\":\"Prate\u0107i svjetske trendove u razvoju gadgeta \u2013 dodataka za mobitele, tim mladih ljudi u kompaniji WEB387 razvio je bh. verziju trenutno popularnog \u201cphone finger ringa\u201d.\",\"breadcrumb\":{\"@id\":\"https:\\\/\\\/zvekir.ba\\\/o-zvekiru\\\/#breadcrumb\"},\"inLanguage\":\"en-US\",\"potentialAction\":[{\"@type\":\"ReadAction\",\"target\":[\"https:\\\/\\\/zvekir.ba\\\/o-zvekiru\\\/\"]}]},{\"@type\":\"ImageObject\",\"inLanguage\":\"en-US\",\"@id\":\"https:\\\/\\\/zvekir.ba\\\/o-zvekiru\\\/#primaryimage\",\"url\":\"https:\\\/\\\/zvekir.ba\\\/wp-content\\\/uploads\\\/2023\\\/08\\\/zvekir_onama.jpg\",\"contentUrl\":\"https:\\\/\\\/zvekir.ba\\\/wp-content\\\/uploads\\\/2023\\\/08\\\/zvekir_onama.jpg\"},{\"@type\":\"BreadcrumbList\",\"@id\":\"https:\\\/\\\/zvekir.ba\\\/o-zvekiru\\\/#breadcrumb\",\"itemListElement\":[{\"@type\":\"ListItem\",\"position\":1,\"name\":\"Home\",\"item\":\"https:\\\/\\\/zvekir.ba\\\/\"},{\"@type\":\"ListItem\",\"position\":2,\"name\":\"O Zvekiru\"}]},{\"@type\":\"WebSite\",\"@id\":\"https:\\\/\\\/zvekir.ba\\\/#website\",\"url\":\"https:\\\/\\\/zvekir.ba\\\/\",\"name\":\"Zvekir\",\"description\":\"Spoj tradicionalnog i modernog\",\"publisher\":{\"@id\":\"https:\\\/\\\/zvekir.ba\\\/#organization\"},\"potentialAction\":[{\"@type\":\"SearchAction\",\"target\":{\"@type\":\"EntryPoint\",\"urlTemplate\":\"https:\\\/\\\/zvekir.ba\\\/?s={search_term_string}\"},\"query-input\":{\"@type\":\"PropertyValueSpecification\",\"valueRequired\":true,\"valueName\":\"search_term_string\"}}],\"inLanguage\":\"en-US\"},{\"@type\":\"Organization\",\"@id\":\"https:\\\/\\\/zvekir.ba\\\/#organization\",\"name\":\"WEB387\",\"url\":\"https:\\\/\\\/zvekir.ba\\\/\",\"logo\":{\"@type\":\"ImageObject\",\"inLanguage\":\"en-US\",\"@id\":\"https:\\\/\\\/zvekir.ba\\\/#\\\/schema\\\/logo\\\/image\\\/\",\"url\":\"https:\\\/\\\/zvekir.ba\\\/wp-content\\\/uploads\\\/2023\\\/08\\\/zvekir_logo.png\",\"contentUrl\":\"https:\\\/\\\/zvekir.ba\\\/wp-content\\\/uploads\\\/2023\\\/08\\\/zvekir_logo.png\",\"width\":200,\"height\":242,\"caption\":\"WEB387\"},\"image\":{\"@id\":\"https:\\\/\\\/zvekir.ba\\\/#\\\/schema\\\/logo\\\/image\\\/\"},\"sameAs\":[\"https:\\\/\\\/www.facebook.com\\\/pozvekiri\\\/\",\"https:\\\/\\\/www.instagram.com\\\/zvekir.ba\\\/\",\"https:\\\/\\\/www.linkedin.com\\\/company\\\/zvekir-ba\"]}]}<\/script>\n<!-- \/ Yoast SEO Premium plugin. -->","yoast_head_json":{"title":"O Zvekiru | Zvekir - Spoj tradicionalnog i modernog","description":"Prate\u0107i svjetske trendove u razvoju gadgeta \u2013 dodataka za mobitele, tim mladih ljudi u kompaniji WEB387 razvio je bh. verziju trenutno popularnog \u201cphone finger ringa\u201d.","robots":{"index":"index","follow":"follow","max-snippet":"max-snippet:-1","max-image-preview":"max-image-preview:large","max-video-preview":"max-video-preview:-1"},"canonical":"https:\/\/zvekir.ba\/en\/o-zvekiru\/","og_locale":"en_US","og_type":"article","og_title":"O Zvekiru | Zvekir - Spoj tradicionalnog i modernog","og_description":"Prate\u0107i svjetske trendove u razvoju gadgeta \u2013 dodataka za mobitele, tim mladih ljudi u kompaniji WEB387 razvio je bh. verziju trenutno popularnog \u201cphone finger ringa\u201d.Zvekir je izra\u0111en od zamka, materijala koji je spoj cinka i aluminijuma. Pokretni zglob se okre\u0107e za 360 stepeni i prilago\u0111ava ruci. Postavljen pod 90 stepeni slu\u017ei kao dr\u017ea\u010d telefona. Idealan je za sigurno slikanje i pisanje.","og_url":"https:\/\/zvekir.ba\/en\/o-zvekiru\/","og_site_name":"Zvekir","article_publisher":"https:\/\/www.facebook.com\/pozvekiri\/","article_modified_time":"2025-05-09T12:41:07+00:00","og_image":[{"width":787,"height":855,"url":"https:\/\/zvekir.ba\/wp-content\/uploads\/2023\/08\/zvekir_onama.jpg","type":"image\/jpeg"}],"twitter_card":"summary_large_image","twitter_title":"O Zvekiru | Zvekir - Spoj tradicionalnog i modernog","twitter_description":"Prate\u0107i svjetske trendove u razvoju gadgeta \u2013 dodataka za mobitele, tim mladih ljudi u kompaniji WEB387 razvio je bh. verziju trenutno popularnog \u201cphone finger ringa\u201d.Zvekir je izra\u0111en od zamka, materijala koji je spoj cinka i aluminijuma. Pokretni zglob se okre\u0107e za 360 stepeni i prilago\u0111ava ruci. Postavljen pod 90 stepeni slu\u017ei kao dr\u017ea\u010d telefona. Idealan je za sigurno slikanje i pisanje.","twitter_misc":{"Est. reading time":"3 minutes"},"schema":{"@context":"https:\/\/schema.org","@graph":[{"@type":"WebPage","@id":"https:\/\/zvekir.ba\/o-zvekiru\/","url":"https:\/\/zvekir.ba\/o-zvekiru\/","name":"O Zvekiru | Zvekir - Spoj tradicionalnog i modernog","isPartOf":{"@id":"https:\/\/zvekir.ba\/#website"},"primaryImageOfPage":{"@id":"https:\/\/zvekir.ba\/o-zvekiru\/#primaryimage"},"image":{"@id":"https:\/\/zvekir.ba\/o-zvekiru\/#primaryimage"},"thumbnailUrl":"https:\/\/zvekir.ba\/wp-content\/uploads\/2023\/08\/zvekir_onama.jpg","datePublished":"2020-10-13T09:00:26+00:00","dateModified":"2025-05-09T12:41:07+00:00","description":"Prate\u0107i svjetske trendove u razvoju gadgeta \u2013 dodataka za mobitele, tim mladih ljudi u kompaniji WEB387 razvio je bh. verziju trenutno popularnog \u201cphone finger ringa\u201d.","breadcrumb":{"@id":"https:\/\/zvekir.ba\/o-zvekiru\/#breadcrumb"},"inLanguage":"en-US","potentialAction":[{"@type":"ReadAction","target":["https:\/\/zvekir.ba\/o-zvekiru\/"]}]},{"@type":"ImageObject","inLanguage":"en-US","@id":"https:\/\/zvekir.ba\/o-zvekiru\/#primaryimage","url":"https:\/\/zvekir.ba\/wp-content\/uploads\/2023\/08\/zvekir_onama.jpg","contentUrl":"https:\/\/zvekir.ba\/wp-content\/uploads\/2023\/08\/zvekir_onama.jpg"},{"@type":"BreadcrumbList","@id":"https:\/\/zvekir.ba\/o-zvekiru\/#breadcrumb","itemListElement":[{"@type":"ListItem","position":1,"name":"Home","item":"https:\/\/zvekir.ba\/"},{"@type":"ListItem","position":2,"name":"O Zvekiru"}]},{"@type":"WebSite","@id":"https:\/\/zvekir.ba\/#website","url":"https:\/\/zvekir.ba\/","name":"Zvekir","description":"A combination of traditional and modern","publisher":{"@id":"https:\/\/zvekir.ba\/#organization"},"potentialAction":[{"@type":"SearchAction","target":{"@type":"EntryPoint","urlTemplate":"https:\/\/zvekir.ba\/?s={search_term_string}"},"query-input":{"@type":"PropertyValueSpecification","valueRequired":true,"valueName":"search_term_string"}}],"inLanguage":"en-US"},{"@type":"Organization","@id":"https:\/\/zvekir.ba\/#organization","name":"WEB387","url":"https:\/\/zvekir.ba\/","logo":{"@type":"ImageObject","inLanguage":"en-US","@id":"https:\/\/zvekir.ba\/#\/schema\/logo\/image\/","url":"https:\/\/zvekir.ba\/wp-content\/uploads\/2023\/08\/zvekir_logo.png","contentUrl":"https:\/\/zvekir.ba\/wp-content\/uploads\/2023\/08\/zvekir_logo.png","width":200,"height":242,"caption":"WEB387"},"image":{"@id":"https:\/\/zvekir.ba\/#\/schema\/logo\/image\/"},"sameAs":["https:\/\/www.facebook.com\/pozvekiri\/","https:\/\/www.instagram.com\/zvekir.ba\/","https:\/\/www.linkedin.com\/company\/zvekir-ba"]}]}},"jetpack_sharing_enabled":true,"_links":{"self":[{"href":"https:\/\/zvekir.ba\/en\/wp-json\/wp\/v2\/pages\/633","targetHints":{"allow":["GET"]}}],"collection":[{"href":"https:\/\/zvekir.ba\/en\/wp-json\/wp\/v2\/pages"}],"about":[{"href":"https:\/\/zvekir.ba\/en\/wp-json\/wp\/v2\/types\/page"}],"author":[{"embeddable":true,"href":"https:\/\/zvekir.ba\/en\/wp-json\/wp\/v2\/users\/1"}],"replies":[{"embeddable":true,"href":"https:\/\/zvekir.ba\/en\/wp-json\/wp\/v2\/comments?post=633"}],"version-history":[{"count":0,"href":"https:\/\/zvekir.ba\/en\/wp-json\/wp\/v2\/pages\/633\/revisions"}],"wp:attachment":[{"href":"https:\/\/zvekir.ba\/en\/wp-json\/wp\/v2\/media?parent=633"}],"curies":[{"name":"wp","href":"https:\/\/api.w.org\/{rel}","templated":true}]}}