{"id":6573,"date":"2020-12-25T10:41:36","date_gmt":"2020-12-25T10:41:36","guid":{"rendered":"https:\/\/demo4.drfuri.com\/razzi\/?page_id=6573"},"modified":"2026-05-05T18:39:30","modified_gmt":"2026-05-05T18:39:30","slug":"korporativni-pokloni","status":"publish","type":"page","link":"https:\/\/zvekir.ba\/en\/korporativni-pokloni\/","title":{"rendered":"Corporate gifts"},"content":{"rendered":"\t\t<div data-elementor-type=\"wp-page\" data-elementor-id=\"6573\" class=\"elementor elementor-6573\" data-elementor-post-type=\"page\">\n\t\t\t\t\t\t<section class=\"elementor-section elementor-top-section elementor-element elementor-element-09752d3 elementor-section-boxed elementor-section-height-default elementor-section-height-default\" data-id=\"09752d3\" data-element_type=\"section\" data-e-type=\"section\">\n\t\t\t\t\t\t<div class=\"elementor-container elementor-column-gap-extended\">\n\t\t\t\t\t<div class=\"elementor-column elementor-col-50 elementor-top-column elementor-element elementor-element-442232d\" data-id=\"442232d\" data-element_type=\"column\" data-e-type=\"column\">\n\t\t\t<div class=\"elementor-widget-wrap elementor-element-populated\">\n\t\t\t\t\t\t<div class=\"elementor-element elementor-element-4b50ea0 elementor-widget elementor-widget-image\" data-id=\"4b50ea0\" data-element_type=\"widget\" data-e-type=\"widget\" data-widget_type=\"image.default\">\n\t\t\t\t<div class=\"elementor-widget-container\">\n\t\t\t\t\t\t\t\t\t\t\t\t\t\t\t<img fetchpriority=\"high\" decoding=\"async\" width=\"500\" height=\"848\" src=\"https:\/\/zvekir.ba\/wp-content\/uploads\/2025\/07\/Zvekir_korporativni_pokloni.gif\" class=\"attachment-large size-large wp-image-15452\" alt=\"Zvekir korporativni pokloni \u2013 bro\u0161evi i man\u017eetne u poklon pakovanju\" \/>\t\t\t\t\t\t\t\t\t\t\t\t\t\t\t<\/div>\n\t\t\t\t<\/div>\n\t\t\t\t\t<\/div>\n\t\t<\/div>\n\t\t\t\t<div class=\"elementor-column elementor-col-50 elementor-top-column elementor-element elementor-element-28f5684\" data-id=\"28f5684\" data-element_type=\"column\" data-e-type=\"column\">\n\t\t\t<div class=\"elementor-widget-wrap elementor-element-populated\">\n\t\t\t\t\t\t<div class=\"elementor-element elementor-element-f28ca9d elementor-widget elementor-widget-heading\" data-id=\"f28ca9d\" data-element_type=\"widget\" data-e-type=\"widget\" data-widget_type=\"heading.default\">\n\t\t\t\t<div class=\"elementor-widget-container\">\n\t\t\t\t\t<h6 class=\"elementor-heading-title elementor-size-default\">zvekir.ba<\/h6>\t\t\t\t<\/div>\n\t\t\t\t<\/div>\n\t\t\t\t<div class=\"elementor-element elementor-element-8140125 elementor-widget elementor-widget-heading\" data-id=\"8140125\" data-element_type=\"widget\" data-e-type=\"widget\" data-widget_type=\"heading.default\">\n\t\t\t\t<div class=\"elementor-widget-container\">\n\t\t\t\t\t<h2 class=\"elementor-heading-title elementor-size-default\">Za\u0161to odabrati Zvekir za korporativne poklone?<\/h2>\t\t\t\t<\/div>\n\t\t\t\t<\/div>\n\t\t\t\t<div class=\"elementor-element elementor-element-a6ded7c elementor-widget elementor-widget-heading\" data-id=\"a6ded7c\" data-element_type=\"widget\" data-e-type=\"widget\" data-widget_type=\"heading.default\">\n\t\t\t\t<div class=\"elementor-widget-container\">\n\t\t\t\t\t<h3 class=\"elementor-heading-title elementor-size-default\"><a href=\"https:\/\/bs.wikipedia.org\/wiki\/Zvekir\">Korporativni pokloni koji ostavljaju dojam<\/a><\/h3>\t\t\t\t<\/div>\n\t\t\t\t<\/div>\n\t\t\t\t<div class=\"elementor-element elementor-element-71d12d1 elementor-widget elementor-widget-text-editor\" data-id=\"71d12d1\" data-element_type=\"widget\" data-e-type=\"widget\" data-widget_type=\"text-editor.default\">\n\t\t\t\t<div class=\"elementor-widget-container\">\n\t\t\t\t\t\t\t\t\t<div class=\"elementor-element elementor-element-80fd2c8 kitify-has-entrance-animation elementor-widget elementor-widget-heading animated kitifyShortFadeInUp\" data-id=\"80fd2c8\" data-element_type=\"widget\" data-settings=\"{&quot;_animation&quot;:&quot;kitifyShortFadeInUp&quot;,&quot;_animation_delay&quot;:400}\" data-widget_type=\"heading.default\"><p class=\"font-claude-response-body break-words whitespace-normal leading-[1.7]\">Korporativni pokloni su vi\u0161e od poslovnog gesta \u2014 oni su poruka o vrijednostima va\u0161e kompanije. Zvekir proizvodi nose pri\u010du o bosanskohercegova\u010dkoj tradiciji, preciznoj izradi i pa\u017enji prema detaljima, \u0161to ih \u010dini idealnim izborom za firme koje \u017eele ostaviti upe\u010datljiv dojam.<\/p><p class=\"font-claude-response-body break-words whitespace-normal leading-[1.7]\">Svaki Zvekir bro\u0161 i svake man\u017eetne dolaze u elegantnom brendiranom pakovanju. Za narud\u017ebe preko 30 komada nudimo besplatno brendiranje s va\u0161im logom, \u0161to dodatno personalizuje poklon i povezuje va\u0161 brend s kvalitetom i autenti\u010dno\u0161\u0107u.<\/p><p class=\"font-claude-response-body break-words whitespace-normal leading-[1.7]\">Na\u0161i korporativni pokloni su idealni za novogodi\u0161nje poklone zaposlenima i partnerima, poslovne konferencije i doga\u0111aje, obilje\u017eavanje jubileja i posebnih prilika, te poklone stranim delegacijama i gostima kao autenti\u010dan suvenir iz Bosne i Hercegovine.<\/p><p class=\"font-claude-response-body break-words whitespace-normal leading-[1.7]\">Do sada je vi\u0161e od 400 kompanija i organizacija odabralo Zvekir kao svoj korporativni poklon. Besplatna dostava na va\u0161u adresu i mogu\u0107nost personalizovanih zahvalnica \u010dine proces naru\u010divanja jednostavnim od prvog kontakta do isporuke.<\/p><p class=\"font-claude-response-body break-words whitespace-normal leading-[1.7]\">Bez obzira da li tra\u017eite poklon za kraj godine, konferenciju ili jubilej kompanije, Zvekir korporativni pokloni su izbor koji se pamti. Svaki proizvod nosi simboliku Sarajeva i dolazi u pakovanju koje ostavlja sna\u017ean prvi dojam. Vi\u0161e od 400 kompanija ve\u0107 je odabralo Zvekir kao svoj poslovni poklon \u2014 pridru\u017eite se i vi.<\/p><\/div>\t\t\t\t\t\t\t\t<\/div>\n\t\t\t\t<\/div>\n\t\t\t\t<div class=\"elementor-element elementor-element-4419584 elementor-hidden-desktop elementor-hidden-tablet elementor-hidden-mobile elementor-widget elementor-widget-text-editor\" data-id=\"4419584\" data-element_type=\"widget\" data-e-type=\"widget\" data-widget_type=\"text-editor.default\">\n\t\t\t\t<div class=\"elementor-widget-container\">\n\t\t\t\t\t\t\t\t\t<div class=\"elementor-element elementor-element-80fd2c8 kitify-has-entrance-animation elementor-widget elementor-widget-heading animated kitifyShortFadeInUp\" data-id=\"80fd2c8\" data-element_type=\"widget\" data-settings=\"{&quot;_animation&quot;:&quot;kitifyShortFadeInUp&quot;,&quot;_animation_delay&quot;:400}\" data-widget_type=\"heading.default\"><p>Tra\u017eite jedinstvene <strong>korporativne poklone<\/strong> za poslovne partnere? Zvekir bro\u0161evi i man\u017eetne su idealan izbor.<\/p><div class=\"elementor-widget-container\"><p data-start=\"205\" data-end=\"512\">Posebne prilike su savr\u0161en trenutak da izrazite zahvalnost onima koji \u010dine razliku u va\u0161em poslovanju. Umjesto uobi\u010dajenih poklona, izaberite ne\u0161to autenti\u010dno i vrijedno \u2014<br data-start=\"377\" data-end=\"380\" \/><em data-start=\"380\" data-end=\"403\">Zvekir bro\u0161 s maramom<\/em> za dame i <em data-start=\"414\" data-end=\"431\">Zvekir man\u017eetne<\/em> za gospodu. Ovi modni detalji odi\u0161u pa\u017enjom, simbolikom i istinskim po\u0161tovanjem.<\/p><p data-start=\"514\" data-end=\"648\" data-is-last-node=\"\" data-is-only-node=\"\"><strong data-start=\"60\" data-end=\"124\">Zahvalite se partnerima i klijentima na na\u010din koji se pamti.<\/strong><br data-start=\"124\" data-end=\"127\" \/>Odaberite <strong><em data-start=\"137\" data-end=\"145\">Zvekir<\/em><\/strong> proizvode kao korporativne poklone koji ostavljaju dojam.<\/p><p data-start=\"514\" data-end=\"648\" data-is-last-node=\"\" data-is-only-node=\"\">Brendirano pakovanje i mogu\u0107nost personalizovanih zahvalnica dodatno nagla\u0161avaju va\u0161u posve\u0107enost i zahvalnost za dosada\u0161nju saradnju.<\/p><\/div><\/div>\t\t\t\t\t\t\t\t<\/div>\n\t\t\t\t<\/div>\n\t\t\t\t<div class=\"elementor-element elementor-element-0fb6059 elementor-widget elementor-widget-razzi-button\" data-id=\"0fb6059\" data-element_type=\"widget\" data-e-type=\"widget\" data-widget_type=\"razzi-button.default\">\n\t\t\t\t<div class=\"elementor-widget-container\">\n\t\t\t\t\t        <a href=\"\/kontakt\/\" class=\"razzi-button-link razzi-button\">\n\t\t\t\t\t\t\t\t\t<span class=\"razzi-button-text\">KONTAKT<\/span>        <\/a>\n\t\t\t\t\t\t<\/div>\n\t\t\t\t<\/div>\n\t\t\t\t\t<\/div>\n\t\t<\/div>\n\t\t\t\t\t<\/div>\n\t\t<\/section>\n\t\t\t\t<section class=\"elementor-section elementor-top-section elementor-element elementor-element-45d94ad2 elementor-section-boxed elementor-section-height-default elementor-section-height-default\" data-id=\"45d94ad2\" data-element_type=\"section\" data-e-type=\"section\">\n\t\t\t\t\t\t<div class=\"elementor-container elementor-column-gap-default\">\n\t\t\t\t\t<div class=\"elementor-column elementor-col-100 elementor-top-column elementor-element elementor-element-1b4f5b07\" data-id=\"1b4f5b07\" data-element_type=\"column\" data-e-type=\"column\">\n\t\t\t<div class=\"elementor-widget-wrap elementor-element-populated\">\n\t\t\t\t\t\t<div class=\"elementor-element elementor-element-613df2e elementor-widget-divider--view-line elementor-widget elementor-widget-divider\" data-id=\"613df2e\" data-element_type=\"widget\" data-e-type=\"widget\" data-widget_type=\"divider.default\">\n\t\t\t\t<div class=\"elementor-widget-container\">\n\t\t\t\t\t\t\t<div class=\"elementor-divider\">\n\t\t\t<span class=\"elementor-divider-separator\">\n\t\t\t\t\t\t<\/span>\n\t\t<\/div>\n\t\t\t\t\t\t<\/div>\n\t\t\t\t<\/div>\n\t\t\t\t<div class=\"elementor-element elementor-element-5f2141ff elementor-widget elementor-widget-spacer\" data-id=\"5f2141ff\" data-element_type=\"widget\" data-e-type=\"widget\" data-widget_type=\"spacer.default\">\n\t\t\t\t<div class=\"elementor-widget-container\">\n\t\t\t\t\t\t\t<div class=\"elementor-spacer\">\n\t\t\t<div class=\"elementor-spacer-inner\"><\/div>\n\t\t<\/div>\n\t\t\t\t\t\t<\/div>\n\t\t\t\t<\/div>\n\t\t\t\t\t<\/div>\n\t\t<\/div>\n\t\t\t\t\t<\/div>\n\t\t<\/section>\n\t\t\t\t<section class=\"elementor-section elementor-top-section elementor-element elementor-element-3d3b5cee elementor-section-boxed elementor-section-height-default elementor-section-height-default\" data-id=\"3d3b5cee\" data-element_type=\"section\" data-e-type=\"section\">\n\t\t\t\t\t\t<div class=\"elementor-container elementor-column-gap-no\">\n\t\t\t\t\t<div class=\"elementor-column elementor-col-33 elementor-top-column elementor-element elementor-element-3151242f\" data-id=\"3151242f\" data-element_type=\"column\" data-e-type=\"column\" data-settings=\"{&quot;background_background&quot;:&quot;classic&quot;}\">\n\t\t\t<div class=\"elementor-widget-wrap elementor-element-populated\">\n\t\t\t\t\t\t<div class=\"elementor-element elementor-element-7ba37a18 elementor-position-left elementor-vertical-align-middle elementor-view-default elementor-widget elementor-widget-razzi-icon-box\" data-id=\"7ba37a18\" data-element_type=\"widget\" data-e-type=\"widget\" data-widget_type=\"razzi-icon-box.default\">\n\t\t\t\t<div class=\"elementor-widget-container\">\n\t\t\t\t\t\t\t<div class=\"razzi-icon-box\">\r\n\t\t\t\t\t\t<div class=\"razzi-icon-box__icon\">\r\n\t\t\t\t<span class=\"razzi-svg-icon razzi-icon__icon elementor-animation-\" >\r\n\t\t\t\t<i aria-hidden=\"true\" class=\"far fa-map\"><\/i>\t\t\t\t<\/span>\r\n\t\t\t<\/div>\r\n\t\t\t\t\t\t<div class=\"razzi-icon-box__content\">\r\n\t\t\t\t<div class=\"razzi-icon-box__item\">\r\n\t\t\t\t\t<div class=\"razzi-icon-box__title\">\r\n\t\t\t\t\t\t<span  >\r\n\t\t\t\t\t\t\tBESPLATNA DOSTAVA\t\t\t\t\t\t<\/span>\r\n\t\t\t\t\t<\/div>\r\n\t\t\t\t\t\t\t\t\t\t\t<p class=\"razzi-icon-box__description\">\r\n\t\t\t\t\t\t\tNa va\u0161u adresu.\t\t\t\t\t\t<\/p>\r\n\t\t\t\t\t\t\t\t\t<\/div>\r\n\t\t\t\t\t\t\t<\/div>\r\n\t\t<\/div>\r\n\t\t\t\t\t\t<\/div>\n\t\t\t\t<\/div>\n\t\t\t\t\t<\/div>\n\t\t<\/div>\n\t\t\t\t<div class=\"elementor-column elementor-col-33 elementor-top-column elementor-element elementor-element-d407e16\" data-id=\"d407e16\" data-element_type=\"column\" data-e-type=\"column\" data-settings=\"{&quot;background_background&quot;:&quot;classic&quot;}\">\n\t\t\t<div class=\"elementor-widget-wrap elementor-element-populated\">\n\t\t\t\t\t\t<div class=\"elementor-element elementor-element-38e0f397 elementor-position-left elementor-vertical-align-middle elementor-view-default elementor-widget elementor-widget-razzi-icon-box\" data-id=\"38e0f397\" data-element_type=\"widget\" data-e-type=\"widget\" data-widget_type=\"razzi-icon-box.default\">\n\t\t\t\t<div class=\"elementor-widget-container\">\n\t\t\t\t\t\t\t<div class=\"razzi-icon-box\">\r\n\t\t\t\t\t\t<div class=\"razzi-icon-box__icon\">\r\n\t\t\t\t<span class=\"razzi-svg-icon razzi-icon__icon elementor-animation-\" >\r\n\t\t\t\t<i aria-hidden=\"true\" class=\"far fa-edit\"><\/i>\t\t\t\t<\/span>\r\n\t\t\t<\/div>\r\n\t\t\t\t\t\t<div class=\"razzi-icon-box__content\">\r\n\t\t\t\t<div class=\"razzi-icon-box__item\">\r\n\t\t\t\t\t<div class=\"razzi-icon-box__title\">\r\n\t\t\t\t\t\t<span  >\r\n\t\t\t\t\t\t\tBESPLATNO BRENDIRANJE\t\t\t\t\t\t<\/span>\r\n\t\t\t\t\t<\/div>\r\n\t\t\t\t\t\t\t\t\t\t\t<p class=\"razzi-icon-box__description\">\r\n\t\t\t\t\t\t\tZa narud\u017ebe preko 30 komada.\t\t\t\t\t\t<\/p>\r\n\t\t\t\t\t\t\t\t\t<\/div>\r\n\t\t\t\t\t\t\t<\/div>\r\n\t\t<\/div>\r\n\t\t\t\t\t\t<\/div>\n\t\t\t\t<\/div>\n\t\t\t\t\t<\/div>\n\t\t<\/div>\n\t\t\t\t<div class=\"elementor-column elementor-col-33 elementor-top-column elementor-element elementor-element-652109a4\" data-id=\"652109a4\" data-element_type=\"column\" data-e-type=\"column\" data-settings=\"{&quot;background_background&quot;:&quot;classic&quot;}\">\n\t\t\t<div class=\"elementor-widget-wrap elementor-element-populated\">\n\t\t\t\t\t\t<div class=\"elementor-element elementor-element-7562509d elementor-position-left elementor-vertical-align-middle elementor-view-default elementor-widget elementor-widget-razzi-icon-box\" data-id=\"7562509d\" data-element_type=\"widget\" data-e-type=\"widget\" data-widget_type=\"razzi-icon-box.default\">\n\t\t\t\t<div class=\"elementor-widget-container\">\n\t\t\t\t\t\t\t<div class=\"razzi-icon-box\">\r\n\t\t\t\t\t\t<div class=\"razzi-icon-box__icon\">\r\n\t\t\t\t<span class=\"razzi-svg-icon razzi-icon__icon elementor-animation-\" >\r\n\t\t\t\t<i aria-hidden=\"true\" class=\"far fa-grin-hearts\"><\/i>\t\t\t\t<\/span>\r\n\t\t\t<\/div>\r\n\t\t\t\t\t\t<div class=\"razzi-icon-box__content\">\r\n\t\t\t\t<div class=\"razzi-icon-box__item\">\r\n\t\t\t\t\t<div class=\"razzi-icon-box__title\">\r\n\t\t\t\t\t\t<span  >\r\n\t\t\t\t\t\t\t400+\t\t\t\t\t\t<\/span>\r\n\t\t\t\t\t<\/div>\r\n\t\t\t\t\t\t\t\t\t\t\t<p class=\"razzi-icon-box__description\">\r\n\t\t\t\t\t\t\tZadovoljnih klijenata i partnera. \t\t\t\t\t\t<\/p>\r\n\t\t\t\t\t\t\t\t\t<\/div>\r\n\t\t\t\t\t\t\t<\/div>\r\n\t\t<\/div>\r\n\t\t\t\t\t\t<\/div>\n\t\t\t\t<\/div>\n\t\t\t\t\t<\/div>\n\t\t<\/div>\n\t\t\t\t\t<\/div>\n\t\t<\/section>\n\t\t\t\t<section class=\"elementor-section elementor-top-section elementor-element elementor-element-6af7bd4 elementor-section-boxed elementor-section-height-default elementor-section-height-default\" data-id=\"6af7bd4\" data-element_type=\"section\" data-e-type=\"section\">\n\t\t\t\t\t\t<div class=\"elementor-container elementor-column-gap-default\">\n\t\t\t\t\t<div class=\"elementor-column elementor-col-100 elementor-top-column elementor-element elementor-element-76d4551\" data-id=\"76d4551\" data-element_type=\"column\" data-e-type=\"column\">\n\t\t\t<div class=\"elementor-widget-wrap\">\n\t\t\t\t\t\t\t<\/div>\n\t\t<\/div>\n\t\t\t\t\t<\/div>\n\t\t<\/section>\n\t\t\t\t<\/div>\n\t\t","protected":false},"excerpt":{"rendered":"<p>zvekir.ba Za\u0161to odabrati Zvekir za korporativne poklone? Korporativni pokloni koji ostavljaju dojam Korporativni pokloni su vi\u0161e od poslovnog gesta \u2014 oni su poruka o vrijednostima va\u0161e kompanije. Zvekir proizvodi nose pri\u010du o bosanskohercegova\u010dkoj tradiciji, preciznoj izradi i pa\u017enji prema detaljima, \u0161to ih \u010dini idealnim izborom za firme koje \u017eele ostaviti upe\u010datljiv dojam. Svaki Zvekir bro\u0161 [&hellip;]<\/p>\n","protected":false},"author":1,"featured_media":15767,"parent":0,"menu_order":0,"comment_status":"closed","ping_status":"closed","template":"","meta":{"inline_featured_image":false,"footnotes":""},"class_list":["post-6573","page","type-page","status-publish","has-post-thumbnail","hentry"],"yoast_head":"<!-- This site is optimized with the Yoast SEO Premium plugin v23.5 (Yoast SEO v27.5) - https:\/\/yoast.com\/product\/yoast-seo-premium-wordpress\/ -->\n<title>Korporativni pokloni \u2013 Zvekir bro\u0161evi i man\u017eetne | Sarajevo<\/title>\n<meta name=\"description\" content=\"Zvekir korporativni pokloni \u2013 bro\u0161evi i man\u017eetne u brendiranom pakovanju. Idealan poklon za poslovne partnere i klijente.\" \/>\n<meta name=\"robots\" content=\"index, follow, max-snippet:-1, max-image-preview:large, max-video-preview:-1\" \/>\n<link rel=\"canonical\" href=\"https:\/\/zvekir.ba\/en\/korporativni-pokloni\/\" \/>\n<meta property=\"og:locale\" content=\"en_US\" \/>\n<meta property=\"og:type\" content=\"article\" \/>\n<meta property=\"og:title\" content=\"Korporativni pokloni | Zvekir - Spoj tradicionalnog i modernog\" \/>\n<meta property=\"og:description\" content=\"Zahvalite se poslovnim partnerima i klijentima na pravi na\u010din. Odaberite Zvekir proizvode za svoje korporativne poklone!\" \/>\n<meta property=\"og:url\" content=\"https:\/\/zvekir.ba\/en\/korporativni-pokloni\/\" \/>\n<meta property=\"og:site_name\" content=\"Zvekir\" \/>\n<meta property=\"article:publisher\" content=\"https:\/\/www.facebook.com\/pozvekiri\/\" \/>\n<meta property=\"article:modified_time\" content=\"2026-05-05T18:39:30+00:00\" \/>\n<meta property=\"og:image\" content=\"https:\/\/zvekir.ba\/wp-content\/uploads\/2023\/11\/Header-ZVK.jpg\" \/>\n\t<meta property=\"og:image:width\" content=\"1200\" \/>\n\t<meta property=\"og:image:height\" content=\"700\" \/>\n\t<meta property=\"og:image:type\" content=\"image\/jpeg\" \/>\n<meta name=\"twitter:card\" content=\"summary_large_image\" \/>\n<meta name=\"twitter:title\" content=\"Korporativni pokloni | Zvekir - Spoj tradicionalnog i modernog\" \/>\n<meta name=\"twitter:label1\" content=\"Est. reading time\" \/>\n\t<meta name=\"twitter:data1\" content=\"3 minutes\" \/>\n<script type=\"application\/ld+json\" class=\"yoast-schema-graph\">{\"@context\":\"https:\\\/\\\/schema.org\",\"@graph\":[{\"@type\":\"WebPage\",\"@id\":\"https:\\\/\\\/zvekir.ba\\\/korporativni-pokloni\\\/\",\"url\":\"https:\\\/\\\/zvekir.ba\\\/korporativni-pokloni\\\/\",\"name\":\"Korporativni pokloni \u2013 Zvekir bro\u0161evi i man\u017eetne | Sarajevo\",\"isPartOf\":{\"@id\":\"https:\\\/\\\/zvekir.ba\\\/#website\"},\"primaryImageOfPage\":{\"@id\":\"https:\\\/\\\/zvekir.ba\\\/korporativni-pokloni\\\/#primaryimage\"},\"image\":{\"@id\":\"https:\\\/\\\/zvekir.ba\\\/korporativni-pokloni\\\/#primaryimage\"},\"thumbnailUrl\":\"https:\\\/\\\/zvekir.ba\\\/wp-content\\\/uploads\\\/2023\\\/08\\\/zvekir_bros_sgrg.webp\",\"datePublished\":\"2020-12-25T10:41:36+00:00\",\"dateModified\":\"2026-05-05T18:39:30+00:00\",\"description\":\"Zvekir korporativni pokloni \u2013 bro\u0161evi i man\u017eetne u brendiranom pakovanju. Idealan poklon za poslovne partnere i klijente.\",\"breadcrumb\":{\"@id\":\"https:\\\/\\\/zvekir.ba\\\/korporativni-pokloni\\\/#breadcrumb\"},\"inLanguage\":\"en-US\",\"potentialAction\":[{\"@type\":\"ReadAction\",\"target\":[\"https:\\\/\\\/zvekir.ba\\\/korporativni-pokloni\\\/\"]}]},{\"@type\":\"ImageObject\",\"inLanguage\":\"en-US\",\"@id\":\"https:\\\/\\\/zvekir.ba\\\/korporativni-pokloni\\\/#primaryimage\",\"url\":\"https:\\\/\\\/zvekir.ba\\\/wp-content\\\/uploads\\\/2023\\\/08\\\/zvekir_bros_sgrg.webp\",\"contentUrl\":\"https:\\\/\\\/zvekir.ba\\\/wp-content\\\/uploads\\\/2023\\\/08\\\/zvekir_bros_sgrg.webp\",\"width\":1080,\"height\":1080,\"caption\":\"Tra\u017eite jedinstvene korporativne poklone za poslovne partnere? Zvekir bro\u0161evi i man\u017eetne su idealan izbor.\"},{\"@type\":\"BreadcrumbList\",\"@id\":\"https:\\\/\\\/zvekir.ba\\\/korporativni-pokloni\\\/#breadcrumb\",\"itemListElement\":[{\"@type\":\"ListItem\",\"position\":1,\"name\":\"Home\",\"item\":\"https:\\\/\\\/zvekir.ba\\\/\"},{\"@type\":\"ListItem\",\"position\":2,\"name\":\"Korporativni pokloni\"}]},{\"@type\":\"WebSite\",\"@id\":\"https:\\\/\\\/zvekir.ba\\\/#website\",\"url\":\"https:\\\/\\\/zvekir.ba\\\/\",\"name\":\"Zvekir\",\"description\":\"Spoj tradicionalnog i modernog\",\"publisher\":{\"@id\":\"https:\\\/\\\/zvekir.ba\\\/#organization\"},\"potentialAction\":[{\"@type\":\"SearchAction\",\"target\":{\"@type\":\"EntryPoint\",\"urlTemplate\":\"https:\\\/\\\/zvekir.ba\\\/?s={search_term_string}\"},\"query-input\":{\"@type\":\"PropertyValueSpecification\",\"valueRequired\":true,\"valueName\":\"search_term_string\"}}],\"inLanguage\":\"en-US\"},{\"@type\":\"Organization\",\"@id\":\"https:\\\/\\\/zvekir.ba\\\/#organization\",\"name\":\"WEB387\",\"url\":\"https:\\\/\\\/zvekir.ba\\\/\",\"logo\":{\"@type\":\"ImageObject\",\"inLanguage\":\"en-US\",\"@id\":\"https:\\\/\\\/zvekir.ba\\\/#\\\/schema\\\/logo\\\/image\\\/\",\"url\":\"https:\\\/\\\/zvekir.ba\\\/wp-content\\\/uploads\\\/2023\\\/08\\\/zvekir_logo.png\",\"contentUrl\":\"https:\\\/\\\/zvekir.ba\\\/wp-content\\\/uploads\\\/2023\\\/08\\\/zvekir_logo.png\",\"width\":200,\"height\":242,\"caption\":\"WEB387\"},\"image\":{\"@id\":\"https:\\\/\\\/zvekir.ba\\\/#\\\/schema\\\/logo\\\/image\\\/\"},\"sameAs\":[\"https:\\\/\\\/www.facebook.com\\\/pozvekiri\\\/\",\"https:\\\/\\\/www.instagram.com\\\/zvekir.ba\\\/\",\"https:\\\/\\\/www.linkedin.com\\\/company\\\/zvekir-ba\"]}]}<\/script>\n<!-- \/ Yoast SEO Premium plugin. -->","yoast_head_json":{"title":"Korporativni pokloni \u2013 Zvekir bro\u0161evi i man\u017eetne | Sarajevo","description":"Zvekir korporativni pokloni \u2013 bro\u0161evi i man\u017eetne u brendiranom pakovanju. Idealan poklon za poslovne partnere i klijente.","robots":{"index":"index","follow":"follow","max-snippet":"max-snippet:-1","max-image-preview":"max-image-preview:large","max-video-preview":"max-video-preview:-1"},"canonical":"https:\/\/zvekir.ba\/en\/korporativni-pokloni\/","og_locale":"en_US","og_type":"article","og_title":"Korporativni pokloni | Zvekir - Spoj tradicionalnog i modernog","og_description":"Zahvalite se poslovnim partnerima i klijentima na pravi na\u010din. Odaberite Zvekir proizvode za svoje korporativne poklone!","og_url":"https:\/\/zvekir.ba\/en\/korporativni-pokloni\/","og_site_name":"Zvekir","article_publisher":"https:\/\/www.facebook.com\/pozvekiri\/","article_modified_time":"2026-05-05T18:39:30+00:00","og_image":[{"width":1200,"height":700,"url":"https:\/\/zvekir.ba\/wp-content\/uploads\/2023\/11\/Header-ZVK.jpg","type":"image\/jpeg"}],"twitter_card":"summary_large_image","twitter_title":"Korporativni pokloni | Zvekir - Spoj tradicionalnog i modernog","twitter_misc":{"Est. reading time":"3 minutes"},"schema":{"@context":"https:\/\/schema.org","@graph":[{"@type":"WebPage","@id":"https:\/\/zvekir.ba\/korporativni-pokloni\/","url":"https:\/\/zvekir.ba\/korporativni-pokloni\/","name":"Korporativni pokloni \u2013 Zvekir bro\u0161evi i man\u017eetne | Sarajevo","isPartOf":{"@id":"https:\/\/zvekir.ba\/#website"},"primaryImageOfPage":{"@id":"https:\/\/zvekir.ba\/korporativni-pokloni\/#primaryimage"},"image":{"@id":"https:\/\/zvekir.ba\/korporativni-pokloni\/#primaryimage"},"thumbnailUrl":"https:\/\/zvekir.ba\/wp-content\/uploads\/2023\/08\/zvekir_bros_sgrg.webp","datePublished":"2020-12-25T10:41:36+00:00","dateModified":"2026-05-05T18:39:30+00:00","description":"Zvekir korporativni pokloni \u2013 bro\u0161evi i man\u017eetne u brendiranom pakovanju. Idealan poklon za poslovne partnere i klijente.","breadcrumb":{"@id":"https:\/\/zvekir.ba\/korporativni-pokloni\/#breadcrumb"},"inLanguage":"en-US","potentialAction":[{"@type":"ReadAction","target":["https:\/\/zvekir.ba\/korporativni-pokloni\/"]}]},{"@type":"ImageObject","inLanguage":"en-US","@id":"https:\/\/zvekir.ba\/korporativni-pokloni\/#primaryimage","url":"https:\/\/zvekir.ba\/wp-content\/uploads\/2023\/08\/zvekir_bros_sgrg.webp","contentUrl":"https:\/\/zvekir.ba\/wp-content\/uploads\/2023\/08\/zvekir_bros_sgrg.webp","width":1080,"height":1080,"caption":"Tra\u017eite jedinstvene korporativne poklone za poslovne partnere? Zvekir bro\u0161evi i man\u017eetne su idealan izbor."},{"@type":"BreadcrumbList","@id":"https:\/\/zvekir.ba\/korporativni-pokloni\/#breadcrumb","itemListElement":[{"@type":"ListItem","position":1,"name":"Home","item":"https:\/\/zvekir.ba\/"},{"@type":"ListItem","position":2,"name":"Korporativni pokloni"}]},{"@type":"WebSite","@id":"https:\/\/zvekir.ba\/#website","url":"https:\/\/zvekir.ba\/","name":"Zvekir","description":"A combination of traditional and modern","publisher":{"@id":"https:\/\/zvekir.ba\/#organization"},"potentialAction":[{"@type":"SearchAction","target":{"@type":"EntryPoint","urlTemplate":"https:\/\/zvekir.ba\/?s={search_term_string}"},"query-input":{"@type":"PropertyValueSpecification","valueRequired":true,"valueName":"search_term_string"}}],"inLanguage":"en-US"},{"@type":"Organization","@id":"https:\/\/zvekir.ba\/#organization","name":"WEB387","url":"https:\/\/zvekir.ba\/","logo":{"@type":"ImageObject","inLanguage":"en-US","@id":"https:\/\/zvekir.ba\/#\/schema\/logo\/image\/","url":"https:\/\/zvekir.ba\/wp-content\/uploads\/2023\/08\/zvekir_logo.png","contentUrl":"https:\/\/zvekir.ba\/wp-content\/uploads\/2023\/08\/zvekir_logo.png","width":200,"height":242,"caption":"WEB387"},"image":{"@id":"https:\/\/zvekir.ba\/#\/schema\/logo\/image\/"},"sameAs":["https:\/\/www.facebook.com\/pozvekiri\/","https:\/\/www.instagram.com\/zvekir.ba\/","https:\/\/www.linkedin.com\/company\/zvekir-ba"]}]}},"jetpack_sharing_enabled":true,"_links":{"self":[{"href":"https:\/\/zvekir.ba\/en\/wp-json\/wp\/v2\/pages\/6573","targetHints":{"allow":["GET"]}}],"collection":[{"href":"https:\/\/zvekir.ba\/en\/wp-json\/wp\/v2\/pages"}],"about":[{"href":"https:\/\/zvekir.ba\/en\/wp-json\/wp\/v2\/types\/page"}],"author":[{"embeddable":true,"href":"https:\/\/zvekir.ba\/en\/wp-json\/wp\/v2\/users\/1"}],"replies":[{"embeddable":true,"href":"https:\/\/zvekir.ba\/en\/wp-json\/wp\/v2\/comments?post=6573"}],"version-history":[{"count":27,"href":"https:\/\/zvekir.ba\/en\/wp-json\/wp\/v2\/pages\/6573\/revisions"}],"predecessor-version":[{"id":16733,"href":"https:\/\/zvekir.ba\/en\/wp-json\/wp\/v2\/pages\/6573\/revisions\/16733"}],"wp:featuredmedia":[{"embeddable":true,"href":"https:\/\/zvekir.ba\/en\/wp-json\/wp\/v2\/media\/15767"}],"wp:attachment":[{"href":"https:\/\/zvekir.ba\/en\/wp-json\/wp\/v2\/media?parent=6573"}],"curies":[{"name":"wp","href":"https:\/\/api.w.org\/{rel}","templated":true}]}}