{"id":12709,"date":"2019-09-19T09:00:24","date_gmt":"2019-09-19T09:00:24","guid":{"rendered":"https:\/\/zvekir.ba\/000\/?post_type=product&#038;p=12709"},"modified":"2026-04-16T15:58:06","modified_gmt":"2026-04-16T15:58:06","slug":"bros","status":"publish","type":"product","link":"https:\/\/zvekir.ba\/en\/p\/bros\/","title":{"rendered":"Zvekir Brooch with scarf silver"},"content":{"rendered":"<p style=\"padding-left: 40px;\"><span style=\"color: var(--rz-text-color); font-family: var(--rz-font-family-primary);\">Bro\u0161 za marame s motivom <\/span><strong style=\"color: var(--rz-text-color); font-family: var(--rz-font-family-primary);\">Zvekira<\/strong><span style=\"color: var(--rz-text-color); font-family: var(--rz-font-family-primary);\">\u00a0dizajniran je s namjerom da simbolika BIH ostane prisutna u svakoj va\u017enoj prilici, onih koji su odva\u017eni kombinovati tradicionalno sa modernim.<\/span><\/p>\n<p>Zvekir je nekada mijenjao zvono na vratima, najavljivao goste. Danas, u vrijeme modernih zvona, izgubio je prvobitni smisao, ali i dalje zadr\u017eao jaku simboliku. U pojedinim doma\u0107instvima Bosne i Hercegovine, Turske, Londona, Francuske, simbolizuje imovinsko stanje doma\u0107ina. Zvekir je danas jedan od simbola grada Sarajeva.<\/p>","protected":false},"excerpt":{"rendered":"<p>This set contains:<\/p>\n<ul>\n<li>Elegant black box<\/li>\n<li><strong>Zvekir\u00a0<\/strong>silver brooch<\/li>\n<li>Scarf (70x70cm)<\/li>\n<li>Buckle for wearing a brooch on a jacket \/ coat<\/li>\n<\/ul>","protected":false},"featured_media":15130,"template":"","meta":{"inline_featured_image":false},"product_brand":[34],"product_cat":[108],"product_tag":[],"class_list":{"0":"post-12709","1":"product","2":"type-product","3":"status-publish","4":"has-post-thumbnail","6":"product_brand-zvekir","7":"product_cat-zvekir-bros","9":"first","10":"instock","11":"taxable","12":"shipping-taxable","13":"purchasable","14":"product-type-variable"},"yoast_head":"<!-- This site is optimized with the Yoast SEO Premium plugin v23.5 (Yoast SEO v27.4) - https:\/\/yoast.com\/product\/yoast-seo-premium-wordpress\/ -->\n<title>Zvekir Bro\u0161 s maramom silver | Zvekir - Spoj tradicionalnog i modernog<\/title>\n<meta name=\"description\" content=\"Bro\u0161 za marame s motivom Zvekira\u00a0dizajniran je s namjerom da simbolika BIH ostane prisutna u svakoj va\u017enoj prilici, onih koji su odva\u017eni kombinovati tradicionalno sa modernim.\" \/>\n<meta name=\"robots\" content=\"index, follow, max-snippet:-1, max-image-preview:large, max-video-preview:-1\" \/>\n<link rel=\"canonical\" href=\"https:\/\/zvekir.ba\/en\/p\/bros\/\" \/>\n<meta property=\"og:locale\" content=\"en_US\" \/>\n<meta property=\"og:type\" content=\"article\" \/>\n<meta property=\"og:title\" content=\"Zvekir Bro\u0161 s maramom silver | Zvekir - Spoj tradicionalnog i modernog\" \/>\n<meta property=\"og:description\" content=\"Bro\u0161 za marame s motivom Zvekira\u00a0dizajniran je s namjerom da simbolika BIH ostane prisutna u svakoj va\u017enoj prilici, onih koji su odva\u017eni kombinovati tradicionalno sa modernim.Zvekir je nekada mijenjao zvono na vratima, najavljivao goste. Danas, u vrijeme modernih zvona, izgubio je prvobitni smisao, ali i dalje zadr\u017eao jaku simboliku. U pojedinim doma\u0107instvima Bosne i Hercegovine, Turske, Londona, Francuske, simbolizuje imovinsko stanje doma\u0107ina. Zvekir je danas jedan od simbola grada Sarajeva.\" \/>\n<meta property=\"og:url\" content=\"https:\/\/zvekir.ba\/en\/p\/bros\/\" \/>\n<meta property=\"og:site_name\" content=\"Zvekir\" \/>\n<meta property=\"article:publisher\" content=\"https:\/\/www.facebook.com\/pozvekiri\/\" \/>\n<meta property=\"article:modified_time\" content=\"2026-04-16T15:58:06+00:00\" \/>\n<meta property=\"og:image\" content=\"https:\/\/zvekir.ba\/wp-content\/uploads\/2019\/09\/share_zvbs.webp\" \/>\n\t<meta property=\"og:image:width\" content=\"1640\" \/>\n\t<meta property=\"og:image:height\" content=\"856\" \/>\n\t<meta property=\"og:image:type\" content=\"image\/webp\" \/>\n<meta name=\"twitter:card\" content=\"summary_large_image\" \/>\n<meta name=\"twitter:title\" content=\"Zvekir Bro\u0161 s maramom silver\" \/>\n<meta name=\"twitter:label1\" content=\"Availability\" \/>\n\t<meta name=\"twitter:data1\" content=\"In stock\" \/>\n<script type=\"application\/ld+json\" class=\"yoast-schema-graph\">{\"@context\":\"https:\\\/\\\/schema.org\",\"@graph\":[{\"@type\":\"WebPage\",\"@id\":\"https:\\\/\\\/zvekir.ba\\\/p\\\/bros\\\/\",\"url\":\"https:\\\/\\\/zvekir.ba\\\/p\\\/bros\\\/\",\"name\":\"Zvekir Bro\u0161 s maramom silver | Zvekir - Spoj tradicionalnog i modernog\",\"isPartOf\":{\"@id\":\"https:\\\/\\\/zvekir.ba\\\/#website\"},\"primaryImageOfPage\":{\"@id\":\"https:\\\/\\\/zvekir.ba\\\/p\\\/bros\\\/#primaryimage\"},\"image\":{\"@id\":\"https:\\\/\\\/zvekir.ba\\\/p\\\/bros\\\/#primaryimage\"},\"thumbnailUrl\":\"https:\\\/\\\/zvekir.ba\\\/wp-content\\\/uploads\\\/2019\\\/09\\\/eh3a8875.jpeg\",\"datePublished\":\"2019-09-19T09:00:24+00:00\",\"dateModified\":\"2026-04-16T15:58:06+00:00\",\"description\":\"Bro\u0161 za marame s motivom Zvekira\u00a0dizajniran je s namjerom da simbolika BIH ostane prisutna u svakoj va\u017enoj prilici, onih koji su odva\u017eni kombinovati tradicionalno sa modernim.\",\"breadcrumb\":{\"@id\":\"https:\\\/\\\/zvekir.ba\\\/p\\\/bros\\\/#breadcrumb\"},\"inLanguage\":\"en-US\",\"potentialAction\":[{\"@type\":\"ReadAction\",\"target\":[\"https:\\\/\\\/zvekir.ba\\\/p\\\/bros\\\/\"]}]},{\"@type\":\"ImageObject\",\"inLanguage\":\"en-US\",\"@id\":\"https:\\\/\\\/zvekir.ba\\\/p\\\/bros\\\/#primaryimage\",\"url\":\"https:\\\/\\\/zvekir.ba\\\/wp-content\\\/uploads\\\/2019\\\/09\\\/eh3a8875.jpeg\",\"contentUrl\":\"https:\\\/\\\/zvekir.ba\\\/wp-content\\\/uploads\\\/2019\\\/09\\\/eh3a8875.jpeg\",\"width\":2048,\"height\":2048},{\"@type\":\"BreadcrumbList\",\"@id\":\"https:\\\/\\\/zvekir.ba\\\/p\\\/bros\\\/#breadcrumb\",\"itemListElement\":[{\"@type\":\"ListItem\",\"position\":1,\"name\":\"Home\",\"item\":\"https:\\\/\\\/zvekir.ba\\\/\"},{\"@type\":\"ListItem\",\"position\":2,\"name\":\"Shop\",\"item\":\"https:\\\/\\\/zvekir.ba\\\/shop\\\/\"},{\"@type\":\"ListItem\",\"position\":3,\"name\":\"Zvekir Bro\u0161 s maramom silver\"}]},{\"@type\":\"WebSite\",\"@id\":\"https:\\\/\\\/zvekir.ba\\\/#website\",\"url\":\"https:\\\/\\\/zvekir.ba\\\/\",\"name\":\"Zvekir\",\"description\":\"Spoj tradicionalnog i modernog\",\"publisher\":{\"@id\":\"https:\\\/\\\/zvekir.ba\\\/#organization\"},\"potentialAction\":[{\"@type\":\"SearchAction\",\"target\":{\"@type\":\"EntryPoint\",\"urlTemplate\":\"https:\\\/\\\/zvekir.ba\\\/?s={search_term_string}\"},\"query-input\":{\"@type\":\"PropertyValueSpecification\",\"valueRequired\":true,\"valueName\":\"search_term_string\"}}],\"inLanguage\":\"en-US\"},{\"@type\":\"Organization\",\"@id\":\"https:\\\/\\\/zvekir.ba\\\/#organization\",\"name\":\"WEB387\",\"url\":\"https:\\\/\\\/zvekir.ba\\\/\",\"logo\":{\"@type\":\"ImageObject\",\"inLanguage\":\"en-US\",\"@id\":\"https:\\\/\\\/zvekir.ba\\\/#\\\/schema\\\/logo\\\/image\\\/\",\"url\":\"https:\\\/\\\/zvekir.ba\\\/wp-content\\\/uploads\\\/2023\\\/08\\\/zvekir_logo.png\",\"contentUrl\":\"https:\\\/\\\/zvekir.ba\\\/wp-content\\\/uploads\\\/2023\\\/08\\\/zvekir_logo.png\",\"width\":200,\"height\":242,\"caption\":\"WEB387\"},\"image\":{\"@id\":\"https:\\\/\\\/zvekir.ba\\\/#\\\/schema\\\/logo\\\/image\\\/\"},\"sameAs\":[\"https:\\\/\\\/www.facebook.com\\\/pozvekiri\\\/\",\"https:\\\/\\\/www.instagram.com\\\/zvekir.ba\\\/\",\"https:\\\/\\\/www.linkedin.com\\\/company\\\/zvekir-ba\"]}]}<\/script>\n<meta property=\"product:brand\" content=\"Zvekir\" \/>\n<meta property=\"og:availability\" content=\"instock\" \/>\n<meta property=\"product:availability\" content=\"instock\" \/>\n<meta property=\"product:retailer_item_id\" content=\"ZVBS\" \/>\n<meta property=\"product:condition\" content=\"new\" \/>\n<!-- \/ Yoast SEO Premium plugin. -->","yoast_head_json":{"title":"Zvekir Bro\u0161 s maramom silver | Zvekir - Spoj tradicionalnog i modernog","description":"Bro\u0161 za marame s motivom Zvekira\u00a0dizajniran je s namjerom da simbolika BIH ostane prisutna u svakoj va\u017enoj prilici, onih koji su odva\u017eni kombinovati tradicionalno sa modernim.","robots":{"index":"index","follow":"follow","max-snippet":"max-snippet:-1","max-image-preview":"max-image-preview:large","max-video-preview":"max-video-preview:-1"},"canonical":"https:\/\/zvekir.ba\/en\/p\/bros\/","og_locale":"en_US","og_type":"article","og_title":"Zvekir Bro\u0161 s maramom silver | Zvekir - Spoj tradicionalnog i modernog","og_description":"Bro\u0161 za marame s motivom Zvekira\u00a0dizajniran je s namjerom da simbolika BIH ostane prisutna u svakoj va\u017enoj prilici, onih koji su odva\u017eni kombinovati tradicionalno sa modernim.Zvekir je nekada mijenjao zvono na vratima, najavljivao goste. Danas, u vrijeme modernih zvona, izgubio je prvobitni smisao, ali i dalje zadr\u017eao jaku simboliku. U pojedinim doma\u0107instvima Bosne i Hercegovine, Turske, Londona, Francuske, simbolizuje imovinsko stanje doma\u0107ina. Zvekir je danas jedan od simbola grada Sarajeva.","og_url":"https:\/\/zvekir.ba\/en\/p\/bros\/","og_site_name":"Zvekir","article_publisher":"https:\/\/www.facebook.com\/pozvekiri\/","article_modified_time":"2026-04-16T15:58:06+00:00","og_image":[{"width":1640,"height":856,"url":"https:\/\/zvekir.ba\/wp-content\/uploads\/2019\/09\/share_zvbs.webp","type":"image\/webp"}],"twitter_card":"summary_large_image","twitter_title":"Zvekir Bro\u0161 s maramom silver","twitter_misc":{"Availability":"In stock"},"schema":{"@context":"https:\/\/schema.org","@graph":[{"@type":"WebPage","@id":"https:\/\/zvekir.ba\/p\/bros\/","url":"https:\/\/zvekir.ba\/p\/bros\/","name":"Zvekir Bro\u0161 s maramom silver | Zvekir - Spoj tradicionalnog i modernog","isPartOf":{"@id":"https:\/\/zvekir.ba\/#website"},"primaryImageOfPage":{"@id":"https:\/\/zvekir.ba\/p\/bros\/#primaryimage"},"image":{"@id":"https:\/\/zvekir.ba\/p\/bros\/#primaryimage"},"thumbnailUrl":"https:\/\/zvekir.ba\/wp-content\/uploads\/2019\/09\/eh3a8875.jpeg","datePublished":"2019-09-19T09:00:24+00:00","dateModified":"2026-04-16T15:58:06+00:00","description":"Bro\u0161 za marame s motivom Zvekira\u00a0dizajniran je s namjerom da simbolika BIH ostane prisutna u svakoj va\u017enoj prilici, onih koji su odva\u017eni kombinovati tradicionalno sa modernim.","breadcrumb":{"@id":"https:\/\/zvekir.ba\/p\/bros\/#breadcrumb"},"inLanguage":"en-US","potentialAction":[{"@type":"ReadAction","target":["https:\/\/zvekir.ba\/p\/bros\/"]}]},{"@type":"ImageObject","inLanguage":"en-US","@id":"https:\/\/zvekir.ba\/p\/bros\/#primaryimage","url":"https:\/\/zvekir.ba\/wp-content\/uploads\/2019\/09\/eh3a8875.jpeg","contentUrl":"https:\/\/zvekir.ba\/wp-content\/uploads\/2019\/09\/eh3a8875.jpeg","width":2048,"height":2048},{"@type":"BreadcrumbList","@id":"https:\/\/zvekir.ba\/p\/bros\/#breadcrumb","itemListElement":[{"@type":"ListItem","position":1,"name":"Home","item":"https:\/\/zvekir.ba\/"},{"@type":"ListItem","position":2,"name":"Shop","item":"https:\/\/zvekir.ba\/shop\/"},{"@type":"ListItem","position":3,"name":"Zvekir Bro\u0161 s maramom silver"}]},{"@type":"WebSite","@id":"https:\/\/zvekir.ba\/#website","url":"https:\/\/zvekir.ba\/","name":"Zvekir","description":"A combination of traditional and modern","publisher":{"@id":"https:\/\/zvekir.ba\/#organization"},"potentialAction":[{"@type":"SearchAction","target":{"@type":"EntryPoint","urlTemplate":"https:\/\/zvekir.ba\/?s={search_term_string}"},"query-input":{"@type":"PropertyValueSpecification","valueRequired":true,"valueName":"search_term_string"}}],"inLanguage":"en-US"},{"@type":"Organization","@id":"https:\/\/zvekir.ba\/#organization","name":"WEB387","url":"https:\/\/zvekir.ba\/","logo":{"@type":"ImageObject","inLanguage":"en-US","@id":"https:\/\/zvekir.ba\/#\/schema\/logo\/image\/","url":"https:\/\/zvekir.ba\/wp-content\/uploads\/2023\/08\/zvekir_logo.png","contentUrl":"https:\/\/zvekir.ba\/wp-content\/uploads\/2023\/08\/zvekir_logo.png","width":200,"height":242,"caption":"WEB387"},"image":{"@id":"https:\/\/zvekir.ba\/#\/schema\/logo\/image\/"},"sameAs":["https:\/\/www.facebook.com\/pozvekiri\/","https:\/\/www.instagram.com\/zvekir.ba\/","https:\/\/www.linkedin.com\/company\/zvekir-ba"]}]},"product_brand":"Zvekir","og_availability":"instock","product_availability":"instock","product_retailer_item_id":"ZVBS","product_condition":"new"},"jetpack_sharing_enabled":true,"_links":{"self":[{"href":"https:\/\/zvekir.ba\/en\/wp-json\/wp\/v2\/product\/12709","targetHints":{"allow":["GET"]}}],"collection":[{"href":"https:\/\/zvekir.ba\/en\/wp-json\/wp\/v2\/product"}],"about":[{"href":"https:\/\/zvekir.ba\/en\/wp-json\/wp\/v2\/types\/product"}],"wp:featuredmedia":[{"embeddable":true,"href":"https:\/\/zvekir.ba\/en\/wp-json\/wp\/v2\/media\/15130"}],"wp:attachment":[{"href":"https:\/\/zvekir.ba\/en\/wp-json\/wp\/v2\/media?parent=12709"}],"wp:term":[{"taxonomy":"product_brand","embeddable":true,"href":"https:\/\/zvekir.ba\/en\/wp-json\/wp\/v2\/product_brand?post=12709"},{"taxonomy":"product_cat","embeddable":true,"href":"https:\/\/zvekir.ba\/en\/wp-json\/wp\/v2\/product_cat?post=12709"},{"taxonomy":"product_tag","embeddable":true,"href":"https:\/\/zvekir.ba\/en\/wp-json\/wp\/v2\/product_tag?post=12709"}],"curies":[{"name":"wp","href":"https:\/\/api.w.org\/{rel}","templated":true}]}}