{"id":12716,"date":"2023-09-15T13:16:25","date_gmt":"2023-09-15T13:16:25","guid":{"rendered":"https:\/\/zvekir.ba\/000\/?post_type=product&#038;p=12716"},"modified":"2026-04-14T17:29:05","modified_gmt":"2026-04-14T17:29:05","slug":"zvekir-dodatak-za-telefon","status":"publish","type":"product","link":"https:\/\/zvekir.ba\/en\/p\/zvekir-dodatak-za-telefon\/","title":{"rendered":"Zvekir finger ring"},"content":{"rendered":"<p>Zvekir je upakovan u posebnu drvenu kutiju na kojoj je mogu\u0107e gravirati va\u0161 logo. Zvekir se aplicira na stra\u017enju stranu telefona, preporu\u010dljivo na donji dio maske.<\/p>\n<p>I da, kao \u0161to je na\u0161 tim\u00a0<span class=\"major-color\">#pozvekirio<\/span>\u00a0dok je izradio ovaj gadget, tako se nadamo da \u0107ete i vi pozvekiriti s nama nose\u0107i da\u0161ak domovine na svojim mobilnim telefonima. Mo\u017eete ga pokloniti svima koji su osjetili \u0161ta je Bosna i Hercegovina i dio nas \u017eele ponijeti sa sobom\u2026<\/p>\n<p>\u0160ta je u pakovanju:<\/p>\n<ul>\n<li><strong>Zvekir\u00a0<\/strong>dodatak za telefon<\/li>\n<li>Drvena brendirana kutija<\/li>\n<li>Bro\u0161ura<\/li>\n<\/ul>","protected":false},"excerpt":{"rendered":"<p>Zvekir odgovara maski skoro svakog mobilnog telefona. Jednostavno se postavlja i savr\u0161eno uklapa.<\/p>\n<p><strong><span style=\"color: #0a8800;\"><img decoding=\"async\" class=\"alignnone size-full wp-image-16102\" src=\"https:\/\/zvekir.ba\/wp-content\/uploads\/2024\/04\/a6027173-542b-42fb-b114-b8aa52b04c0d.png.slim_.avif\" alt=\"\" width=\"20\" height=\"20\" srcset=\"https:\/\/zvekir.ba\/wp-content\/uploads\/2024\/04\/a6027173-542b-42fb-b114-b8aa52b04c0d.png.slim_.avif 150w, https:\/\/zvekir.ba\/wp-content\/uploads\/2024\/04\/a6027173-542b-42fb-b114-b8aa52b04c0d.png.slim_-12x12.avif 12w, https:\/\/zvekir.ba\/wp-content\/uploads\/2024\/04\/a6027173-542b-42fb-b114-b8aa52b04c0d.png.slim_-100x100.avif 100w\" sizes=\"(max-width: 20px) 100vw, 20px\" \/> Fast delivery<\/span><\/strong><\/p>\n<p><strong><span style=\"color: #0a8800;\"><img decoding=\"async\" class=\"alignnone size-full wp-image-16101\" src=\"https:\/\/zvekir.ba\/wp-content\/uploads\/2024\/04\/f0b6c9fb-7785-4d54-a3b0-02dcf9157ed6.png.slim_.avif\" alt=\"\" width=\"20\" height=\"20\" srcset=\"https:\/\/zvekir.ba\/wp-content\/uploads\/2024\/04\/f0b6c9fb-7785-4d54-a3b0-02dcf9157ed6.png.slim_.avif 51w, https:\/\/zvekir.ba\/wp-content\/uploads\/2024\/04\/f0b6c9fb-7785-4d54-a3b0-02dcf9157ed6.png.slim_-12x12.avif 12w\" sizes=\"(max-width: 20px) 100vw, 20px\" \/> Secure shopping<\/span><\/strong><\/p>\n<p><strong><span style=\"color: #0a8800;\"><img decoding=\"async\" class=\"alignnone size-full wp-image-16103\" src=\"https:\/\/zvekir.ba\/wp-content\/uploads\/2024\/04\/55991b45-9c98-48ae-b3e1-ebc46bc9dd81.png.slim_.avif\" alt=\"\" width=\"20\" height=\"20\" srcset=\"https:\/\/zvekir.ba\/wp-content\/uploads\/2024\/04\/55991b45-9c98-48ae-b3e1-ebc46bc9dd81.png.slim_.avif 64w, https:\/\/zvekir.ba\/wp-content\/uploads\/2024\/04\/55991b45-9c98-48ae-b3e1-ebc46bc9dd81.png.slim_-12x12.avif 12w\" sizes=\"(max-width: 20px) 100vw, 20px\" \/> Easy shopping<\/span><\/strong><\/p>\n<p><strong><span style=\"color: #0a8800;\"><img loading=\"lazy\" decoding=\"async\" class=\"alignnone size-full wp-image-16100\" src=\"https:\/\/zvekir.ba\/wp-content\/uploads\/2024\/04\/bfbe98c1-576c-4c5b-8442-d4ba69b4ae9c.png.slim_.avif\" alt=\"\" width=\"20\" height=\"20\" srcset=\"https:\/\/zvekir.ba\/wp-content\/uploads\/2024\/04\/bfbe98c1-576c-4c5b-8442-d4ba69b4ae9c.png.slim_.avif 51w, https:\/\/zvekir.ba\/wp-content\/uploads\/2024\/04\/bfbe98c1-576c-4c5b-8442-d4ba69b4ae9c.png.slim_-12x12.avif 12w\" sizes=\"(max-width: 20px) 100vw, 20px\" \/> Since 2017<\/span><\/strong><\/p>","protected":false},"featured_media":15154,"template":"","meta":{"inline_featured_image":false},"product_brand":[34],"product_cat":[126,109],"product_tag":[],"class_list":{"0":"post-12716","1":"product","2":"type-product","3":"status-publish","4":"has-post-thumbnail","6":"product_brand-zvekir","7":"product_cat-dodaci","8":"product_cat-gadgeti","10":"first","11":"instock","12":"taxable","13":"shipping-taxable","14":"purchasable","15":"product-type-simple"},"yoast_head":"<!-- This site is optimized with the Yoast SEO Premium plugin v23.5 (Yoast SEO v27.5) - https:\/\/yoast.com\/product\/yoast-seo-premium-wordpress\/ -->\n<title>Zvekir dodatak za telefon<\/title>\n<meta name=\"description\" content=\"Zvekir je upakovan u posebnu drvenu kutiju na kojoj je mogu\u0107e gravirati va\u0161 logo. Pakovanje prati i knji\u017eica o simbolici zvekira na bosanskom, engleskom, njema\u010dkom, francuskom, turskom i arapskom jeziku. Zvekir se aplicira na stra\u017enju stranu telefona, preporu\u010dljivo na donji dio maske.\" \/>\n<meta name=\"robots\" content=\"index, follow, max-snippet:-1, max-image-preview:large, max-video-preview:-1\" \/>\n<link rel=\"canonical\" href=\"https:\/\/zvekir.ba\/en\/p\/zvekir-dodatak-za-telefon\/\" \/>\n<meta property=\"og:locale\" content=\"en_US\" \/>\n<meta property=\"og:type\" content=\"article\" \/>\n<meta property=\"og:title\" content=\"Zvekir dodatak za telefon | Zvekir - Spoj tradicionalnog i modernog\" \/>\n<meta property=\"og:description\" content=\"Zvekir je upakovan u posebnu drvenu kutiju na kojoj je mogu\u0107e gravirati va\u0161 logo. Pakovanje prati i knji\u017eica o simbolici zvekira na bosanskom, engleskom, njema\u010dkom, francuskom, turskom i arapskom jeziku. Zvekir se aplicira na stra\u017enju stranu telefona, preporu\u010dljivo na donji dio maske.\" \/>\n<meta property=\"og:url\" content=\"https:\/\/zvekir.ba\/en\/p\/zvekir-dodatak-za-telefon\/\" \/>\n<meta property=\"og:site_name\" content=\"Zvekir\" \/>\n<meta property=\"article:publisher\" content=\"https:\/\/www.facebook.com\/pozvekiri\/\" \/>\n<meta property=\"article:modified_time\" content=\"2026-04-14T17:29:05+00:00\" \/>\n<meta property=\"og:image\" content=\"https:\/\/zvekir.ba\/wp-content\/uploads\/2017\/10\/zvt2023_6.jpg\" \/>\n\t<meta property=\"og:image:width\" content=\"800\" \/>\n\t<meta property=\"og:image:height\" content=\"800\" \/>\n\t<meta property=\"og:image:type\" content=\"image\/jpeg\" \/>\n<meta name=\"twitter:card\" content=\"summary_large_image\" \/>\n<meta name=\"twitter:title\" content=\"Zvekir dodatak za telefon | Zvekir - Spoj tradicionalnog i modernog\" \/>\n<meta name=\"twitter:description\" content=\"Zvekir je upakovan u posebnu drvenu kutiju na kojoj je mogu\u0107e gravirati va\u0161 logo. Pakovanje prati i knji\u017eica o simbolici zvekira na bosanskom, engleskom, njema\u010dkom, francuskom, turskom i arapskom jeziku. Zvekir se aplicira na stra\u017enju stranu telefona, preporu\u010dljivo na donji dio maske.\" \/>\n<meta name=\"twitter:label1\" content=\"Price\" \/>\n\t<meta name=\"twitter:data1\" content=\"25,00KM\" \/>\n\t<meta name=\"twitter:label2\" content=\"Availability\" \/>\n\t<meta name=\"twitter:data2\" content=\"In stock\" \/>\n<script type=\"application\/ld+json\" class=\"yoast-schema-graph\">{\"@context\":\"https:\\\/\\\/schema.org\",\"@graph\":[{\"@type\":\"WebPage\",\"@id\":\"https:\\\/\\\/zvekir.ba\\\/p\\\/zvekir-dodatak-za-telefon\\\/\",\"url\":\"https:\\\/\\\/zvekir.ba\\\/p\\\/zvekir-dodatak-za-telefon\\\/\",\"name\":\"Zvekir dodatak za telefon\",\"isPartOf\":{\"@id\":\"https:\\\/\\\/zvekir.ba\\\/#website\"},\"primaryImageOfPage\":{\"@id\":\"https:\\\/\\\/zvekir.ba\\\/p\\\/zvekir-dodatak-za-telefon\\\/#primaryimage\"},\"image\":{\"@id\":\"https:\\\/\\\/zvekir.ba\\\/p\\\/zvekir-dodatak-za-telefon\\\/#primaryimage\"},\"thumbnailUrl\":\"https:\\\/\\\/zvekir.ba\\\/wp-content\\\/uploads\\\/2023\\\/09\\\/eh3a9040.jpeg\",\"datePublished\":\"2023-09-15T13:16:25+00:00\",\"dateModified\":\"2026-04-14T17:29:05+00:00\",\"description\":\"Zvekir je upakovan u posebnu drvenu kutiju na kojoj je mogu\u0107e gravirati va\u0161 logo. Pakovanje prati i knji\u017eica o simbolici zvekira na bosanskom, engleskom, njema\u010dkom, francuskom, turskom i arapskom jeziku. Zvekir se aplicira na stra\u017enju stranu telefona, preporu\u010dljivo na donji dio maske.\",\"breadcrumb\":{\"@id\":\"https:\\\/\\\/zvekir.ba\\\/p\\\/zvekir-dodatak-za-telefon\\\/#breadcrumb\"},\"inLanguage\":\"en-US\",\"potentialAction\":[{\"@type\":\"ReadAction\",\"target\":[\"https:\\\/\\\/zvekir.ba\\\/p\\\/zvekir-dodatak-za-telefon\\\/\"]}]},{\"@type\":\"ImageObject\",\"inLanguage\":\"en-US\",\"@id\":\"https:\\\/\\\/zvekir.ba\\\/p\\\/zvekir-dodatak-za-telefon\\\/#primaryimage\",\"url\":\"https:\\\/\\\/zvekir.ba\\\/wp-content\\\/uploads\\\/2023\\\/09\\\/eh3a9040.jpeg\",\"contentUrl\":\"https:\\\/\\\/zvekir.ba\\\/wp-content\\\/uploads\\\/2023\\\/09\\\/eh3a9040.jpeg\",\"width\":2048,\"height\":2048},{\"@type\":\"BreadcrumbList\",\"@id\":\"https:\\\/\\\/zvekir.ba\\\/p\\\/zvekir-dodatak-za-telefon\\\/#breadcrumb\",\"itemListElement\":[{\"@type\":\"ListItem\",\"position\":1,\"name\":\"Home\",\"item\":\"https:\\\/\\\/zvekir.ba\\\/\"},{\"@type\":\"ListItem\",\"position\":2,\"name\":\"Shop\",\"item\":\"https:\\\/\\\/zvekir.ba\\\/shop\\\/\"},{\"@type\":\"ListItem\",\"position\":3,\"name\":\"Zvekir dodatak za telefon\"}]},{\"@type\":\"WebSite\",\"@id\":\"https:\\\/\\\/zvekir.ba\\\/#website\",\"url\":\"https:\\\/\\\/zvekir.ba\\\/\",\"name\":\"Zvekir\",\"description\":\"Spoj tradicionalnog i modernog\",\"publisher\":{\"@id\":\"https:\\\/\\\/zvekir.ba\\\/#organization\"},\"potentialAction\":[{\"@type\":\"SearchAction\",\"target\":{\"@type\":\"EntryPoint\",\"urlTemplate\":\"https:\\\/\\\/zvekir.ba\\\/?s={search_term_string}\"},\"query-input\":{\"@type\":\"PropertyValueSpecification\",\"valueRequired\":true,\"valueName\":\"search_term_string\"}}],\"inLanguage\":\"en-US\"},{\"@type\":\"Organization\",\"@id\":\"https:\\\/\\\/zvekir.ba\\\/#organization\",\"name\":\"WEB387\",\"url\":\"https:\\\/\\\/zvekir.ba\\\/\",\"logo\":{\"@type\":\"ImageObject\",\"inLanguage\":\"en-US\",\"@id\":\"https:\\\/\\\/zvekir.ba\\\/#\\\/schema\\\/logo\\\/image\\\/\",\"url\":\"https:\\\/\\\/zvekir.ba\\\/wp-content\\\/uploads\\\/2023\\\/08\\\/zvekir_logo.png\",\"contentUrl\":\"https:\\\/\\\/zvekir.ba\\\/wp-content\\\/uploads\\\/2023\\\/08\\\/zvekir_logo.png\",\"width\":200,\"height\":242,\"caption\":\"WEB387\"},\"image\":{\"@id\":\"https:\\\/\\\/zvekir.ba\\\/#\\\/schema\\\/logo\\\/image\\\/\"},\"sameAs\":[\"https:\\\/\\\/www.facebook.com\\\/pozvekiri\\\/\",\"https:\\\/\\\/www.instagram.com\\\/zvekir.ba\\\/\",\"https:\\\/\\\/www.linkedin.com\\\/company\\\/zvekir-ba\"]}]}<\/script>\n<meta property=\"product:brand\" content=\"Zvekir\" \/>\n<meta property=\"product:price:amount\" content=\"25.00\" \/>\n<meta property=\"product:price:currency\" content=\"BAM\" \/>\n<meta property=\"og:availability\" content=\"instock\" \/>\n<meta property=\"product:availability\" content=\"instock\" \/>\n<meta property=\"product:retailer_item_id\" content=\"ZVTS\" \/>\n<meta property=\"product:condition\" content=\"new\" \/>\n<!-- \/ Yoast SEO Premium plugin. -->","yoast_head_json":{"title":"Zvekir finger ring","description":"Zvekir je upakovan u posebnu drvenu kutiju na kojoj je mogu\u0107e gravirati va\u0161 logo. Pakovanje prati i knji\u017eica o simbolici zvekira na bosanskom, engleskom, njema\u010dkom, francuskom, turskom i arapskom jeziku. Zvekir se aplicira na stra\u017enju stranu telefona, preporu\u010dljivo na donji dio maske.","robots":{"index":"index","follow":"follow","max-snippet":"max-snippet:-1","max-image-preview":"max-image-preview:large","max-video-preview":"max-video-preview:-1"},"canonical":"https:\/\/zvekir.ba\/en\/p\/zvekir-dodatak-za-telefon\/","og_locale":"en_US","og_type":"article","og_title":"Zvekir dodatak za telefon | Zvekir - Spoj tradicionalnog i modernog","og_description":"Zvekir je upakovan u posebnu drvenu kutiju na kojoj je mogu\u0107e gravirati va\u0161 logo. Pakovanje prati i knji\u017eica o simbolici zvekira na bosanskom, engleskom, njema\u010dkom, francuskom, turskom i arapskom jeziku. Zvekir se aplicira na stra\u017enju stranu telefona, preporu\u010dljivo na donji dio maske.","og_url":"https:\/\/zvekir.ba\/en\/p\/zvekir-dodatak-za-telefon\/","og_site_name":"Zvekir","article_publisher":"https:\/\/www.facebook.com\/pozvekiri\/","article_modified_time":"2026-04-14T17:29:05+00:00","og_image":[{"width":800,"height":800,"url":"https:\/\/zvekir.ba\/wp-content\/uploads\/2017\/10\/zvt2023_6.jpg","type":"image\/jpeg"}],"twitter_card":"summary_large_image","twitter_title":"Zvekir dodatak za telefon | Zvekir - Spoj tradicionalnog i modernog","twitter_description":"Zvekir je upakovan u posebnu drvenu kutiju na kojoj je mogu\u0107e gravirati va\u0161 logo. Pakovanje prati i knji\u017eica o simbolici zvekira na bosanskom, engleskom, njema\u010dkom, francuskom, turskom i arapskom jeziku. Zvekir se aplicira na stra\u017enju stranu telefona, preporu\u010dljivo na donji dio maske.","twitter_misc":{"Price":"25,00KM","Availability":"In stock"},"schema":{"@context":"https:\/\/schema.org","@graph":[{"@type":"WebPage","@id":"https:\/\/zvekir.ba\/p\/zvekir-dodatak-za-telefon\/","url":"https:\/\/zvekir.ba\/p\/zvekir-dodatak-za-telefon\/","name":"Zvekir finger ring","isPartOf":{"@id":"https:\/\/zvekir.ba\/#website"},"primaryImageOfPage":{"@id":"https:\/\/zvekir.ba\/p\/zvekir-dodatak-za-telefon\/#primaryimage"},"image":{"@id":"https:\/\/zvekir.ba\/p\/zvekir-dodatak-za-telefon\/#primaryimage"},"thumbnailUrl":"https:\/\/zvekir.ba\/wp-content\/uploads\/2023\/09\/eh3a9040.jpeg","datePublished":"2023-09-15T13:16:25+00:00","dateModified":"2026-04-14T17:29:05+00:00","description":"Zvekir je upakovan u posebnu drvenu kutiju na kojoj je mogu\u0107e gravirati va\u0161 logo. Pakovanje prati i knji\u017eica o simbolici zvekira na bosanskom, engleskom, njema\u010dkom, francuskom, turskom i arapskom jeziku. Zvekir se aplicira na stra\u017enju stranu telefona, preporu\u010dljivo na donji dio maske.","breadcrumb":{"@id":"https:\/\/zvekir.ba\/p\/zvekir-dodatak-za-telefon\/#breadcrumb"},"inLanguage":"en-US","potentialAction":[{"@type":"ReadAction","target":["https:\/\/zvekir.ba\/p\/zvekir-dodatak-za-telefon\/"]}]},{"@type":"ImageObject","inLanguage":"en-US","@id":"https:\/\/zvekir.ba\/p\/zvekir-dodatak-za-telefon\/#primaryimage","url":"https:\/\/zvekir.ba\/wp-content\/uploads\/2023\/09\/eh3a9040.jpeg","contentUrl":"https:\/\/zvekir.ba\/wp-content\/uploads\/2023\/09\/eh3a9040.jpeg","width":2048,"height":2048},{"@type":"BreadcrumbList","@id":"https:\/\/zvekir.ba\/p\/zvekir-dodatak-za-telefon\/#breadcrumb","itemListElement":[{"@type":"ListItem","position":1,"name":"Home","item":"https:\/\/zvekir.ba\/"},{"@type":"ListItem","position":2,"name":"Shop","item":"https:\/\/zvekir.ba\/shop\/"},{"@type":"ListItem","position":3,"name":"Zvekir dodatak za telefon"}]},{"@type":"WebSite","@id":"https:\/\/zvekir.ba\/#website","url":"https:\/\/zvekir.ba\/","name":"Zvekir","description":"A combination of traditional and modern","publisher":{"@id":"https:\/\/zvekir.ba\/#organization"},"potentialAction":[{"@type":"SearchAction","target":{"@type":"EntryPoint","urlTemplate":"https:\/\/zvekir.ba\/?s={search_term_string}"},"query-input":{"@type":"PropertyValueSpecification","valueRequired":true,"valueName":"search_term_string"}}],"inLanguage":"en-US"},{"@type":"Organization","@id":"https:\/\/zvekir.ba\/#organization","name":"WEB387","url":"https:\/\/zvekir.ba\/","logo":{"@type":"ImageObject","inLanguage":"en-US","@id":"https:\/\/zvekir.ba\/#\/schema\/logo\/image\/","url":"https:\/\/zvekir.ba\/wp-content\/uploads\/2023\/08\/zvekir_logo.png","contentUrl":"https:\/\/zvekir.ba\/wp-content\/uploads\/2023\/08\/zvekir_logo.png","width":200,"height":242,"caption":"WEB387"},"image":{"@id":"https:\/\/zvekir.ba\/#\/schema\/logo\/image\/"},"sameAs":["https:\/\/www.facebook.com\/pozvekiri\/","https:\/\/www.instagram.com\/zvekir.ba\/","https:\/\/www.linkedin.com\/company\/zvekir-ba"]}]},"product_brand":"Zvekir","product_price_amount":"25.00","product_price_currency":"BAM","og_availability":"instock","product_availability":"instock","product_retailer_item_id":"ZVTS","product_condition":"new"},"jetpack_sharing_enabled":true,"_links":{"self":[{"href":"https:\/\/zvekir.ba\/en\/wp-json\/wp\/v2\/product\/12716","targetHints":{"allow":["GET"]}}],"collection":[{"href":"https:\/\/zvekir.ba\/en\/wp-json\/wp\/v2\/product"}],"about":[{"href":"https:\/\/zvekir.ba\/en\/wp-json\/wp\/v2\/types\/product"}],"wp:featuredmedia":[{"embeddable":true,"href":"https:\/\/zvekir.ba\/en\/wp-json\/wp\/v2\/media\/15154"}],"wp:attachment":[{"href":"https:\/\/zvekir.ba\/en\/wp-json\/wp\/v2\/media?parent=12716"}],"wp:term":[{"taxonomy":"product_brand","embeddable":true,"href":"https:\/\/zvekir.ba\/en\/wp-json\/wp\/v2\/product_brand?post=12716"},{"taxonomy":"product_cat","embeddable":true,"href":"https:\/\/zvekir.ba\/en\/wp-json\/wp\/v2\/product_cat?post=12716"},{"taxonomy":"product_tag","embeddable":true,"href":"https:\/\/zvekir.ba\/en\/wp-json\/wp\/v2\/product_tag?post=12716"}],"curies":[{"name":"wp","href":"https:\/\/api.w.org\/{rel}","templated":true}]}}