{"id":13161,"date":"2023-08-30T19:39:38","date_gmt":"2023-08-30T19:39:38","guid":{"rendered":"https:\/\/zvekir.ba\/?post_type=product&#038;p=13161"},"modified":"2026-04-14T17:29:07","modified_gmt":"2026-04-14T17:29:07","slug":"manzetne-gold","status":"publish","type":"product","link":"https:\/\/zvekir.ba\/en\/p\/manzetne-gold\/","title":{"rendered":"Zvekir Cufflinks gold"},"content":{"rendered":"<p>Man\u017eetne kao detalj u modi oduvijek su imale pre\u0161utno pravo na posebne prilike. Vrhunsko odijelo, pripadaju\u0107a ko\u0161ulja, kravata, marama ili leptir-ma\u0161na zahtijevaju minimalne detalje, ali detalje sa stilom. Upravo takav detalj su man\u017eetne koji mogu biti dio va\u0161eg porodi\u010dnog naslije\u0111a ili naslije\u0111a zemlje u kojoj \u017eivite. A Zvekir to zaista jeste.<\/p>\n<p>Zvekir je nekada mijenjao zvono na vratima, najavljivao goste. Danas, u vrijeme modernih zvona, izgubio je prvobitni smisao, ali i dalje zadr\u017eao jaku simboliku. U pojedinim doma\u0107instvima Bosne i Hercegovine, Turske, Londona, Francuske, simbolizuje imovinsko stanje doma\u0107ina. Zvekir je danas jedan od simbola grada Sarajeva.<\/p>","protected":false},"excerpt":{"rendered":"<p><strong>Zvekir<\/strong> gold cufflinks represent a sophisticated and distinctive fashion accessory, designed for those who value elegance, quality and timeless style. Thanks to their warm golden tone and carefully crafted details, they are an equally popular choice among women and men. They are ideal for formal, business and special occasions, where they subtly emphasize personal style and leave a refined impression.<\/p>\n<p><strong><span style=\"color: #0a8800;\"><img decoding=\"async\" class=\"alignnone size-full wp-image-16102\" src=\"https:\/\/zvekir.ba\/wp-content\/uploads\/2024\/04\/a6027173-542b-42fb-b114-b8aa52b04c0d.png.slim_.avif\" alt=\"\" width=\"20\" height=\"20\" srcset=\"https:\/\/zvekir.ba\/wp-content\/uploads\/2024\/04\/a6027173-542b-42fb-b114-b8aa52b04c0d.png.slim_.avif 150w, https:\/\/zvekir.ba\/wp-content\/uploads\/2024\/04\/a6027173-542b-42fb-b114-b8aa52b04c0d.png.slim_-12x12.avif 12w, https:\/\/zvekir.ba\/wp-content\/uploads\/2024\/04\/a6027173-542b-42fb-b114-b8aa52b04c0d.png.slim_-100x100.avif 100w\" sizes=\"(max-width: 20px) 100vw, 20px\" \/> Fast delivery<\/span><\/strong><\/p>\n<p><strong><span style=\"color: #0a8800;\"><img decoding=\"async\" class=\"alignnone size-full wp-image-16101\" src=\"https:\/\/zvekir.ba\/wp-content\/uploads\/2024\/04\/f0b6c9fb-7785-4d54-a3b0-02dcf9157ed6.png.slim_.avif\" alt=\"\" width=\"20\" height=\"20\" srcset=\"https:\/\/zvekir.ba\/wp-content\/uploads\/2024\/04\/f0b6c9fb-7785-4d54-a3b0-02dcf9157ed6.png.slim_.avif 51w, https:\/\/zvekir.ba\/wp-content\/uploads\/2024\/04\/f0b6c9fb-7785-4d54-a3b0-02dcf9157ed6.png.slim_-12x12.avif 12w\" sizes=\"(max-width: 20px) 100vw, 20px\" \/> Secure shopping<\/span><\/strong><\/p>\n<p><strong><span style=\"color: #0a8800;\"><img decoding=\"async\" class=\"alignnone size-full wp-image-16103\" src=\"https:\/\/zvekir.ba\/wp-content\/uploads\/2024\/04\/55991b45-9c98-48ae-b3e1-ebc46bc9dd81.png.slim_.avif\" alt=\"\" width=\"20\" height=\"20\" srcset=\"https:\/\/zvekir.ba\/wp-content\/uploads\/2024\/04\/55991b45-9c98-48ae-b3e1-ebc46bc9dd81.png.slim_.avif 64w, https:\/\/zvekir.ba\/wp-content\/uploads\/2024\/04\/55991b45-9c98-48ae-b3e1-ebc46bc9dd81.png.slim_-12x12.avif 12w\" sizes=\"(max-width: 20px) 100vw, 20px\" \/> Easy shopping<\/span><\/strong><\/p>\n<p><strong><span style=\"color: #0a8800;\"><img loading=\"lazy\" decoding=\"async\" class=\"alignnone size-full wp-image-16100\" src=\"https:\/\/zvekir.ba\/wp-content\/uploads\/2024\/04\/bfbe98c1-576c-4c5b-8442-d4ba69b4ae9c.png.slim_.avif\" alt=\"\" width=\"20\" height=\"20\" srcset=\"https:\/\/zvekir.ba\/wp-content\/uploads\/2024\/04\/bfbe98c1-576c-4c5b-8442-d4ba69b4ae9c.png.slim_.avif 51w, https:\/\/zvekir.ba\/wp-content\/uploads\/2024\/04\/bfbe98c1-576c-4c5b-8442-d4ba69b4ae9c.png.slim_-12x12.avif 12w\" sizes=\"(max-width: 20px) 100vw, 20px\" \/> Since 2017<\/span><\/strong><\/p>","protected":false},"featured_media":15149,"template":"","meta":{"inline_featured_image":false},"product_brand":[34],"product_cat":[54],"product_tag":[],"class_list":{"0":"post-13161","1":"product","2":"type-product","3":"status-publish","4":"has-post-thumbnail","6":"product_brand-zvekir","7":"product_cat-zvekir-manzetne","9":"first","10":"instock","11":"taxable","12":"shipping-taxable","13":"purchasable","14":"product-type-simple"},"yoast_head":"<!-- This site is optimized with the Yoast SEO Premium plugin v23.5 (Yoast SEO v27.4) - https:\/\/yoast.com\/product\/yoast-seo-premium-wordpress\/ -->\n<title>Zvekir Man\u017eetne gold | Zvekir - Spoj tradicionalnog i modernog<\/title>\n<meta name=\"description\" content=\"Man\u017eetne kao detalj u modi oduvijek su imale pre\u0161utno pravo na posebne prilike. Vrhunsko odijelo, pripadaju\u0107a ko\u0161ulja, kravata, marama ili leptir-ma\u0161na zahtijevaju minimalne detalje, ali detalje sa stilom. Upravo takav detalj su man\u017eetne koji mogu biti dio va\u0161eg porodi\u010dnog naslije\u0111a ili naslije\u0111a zemlje u kojoj \u017eivite. A Zvekir to zaista jeste.\" \/>\n<meta name=\"robots\" content=\"index, follow, max-snippet:-1, max-image-preview:large, max-video-preview:-1\" \/>\n<link rel=\"canonical\" href=\"https:\/\/zvekir.ba\/en\/p\/manzetne-gold\/\" \/>\n<meta property=\"og:locale\" content=\"en_US\" \/>\n<meta property=\"og:type\" content=\"article\" \/>\n<meta property=\"og:title\" content=\"Zvekir Man\u017eetne gold | Zvekir - Spoj tradicionalnog i modernog\" \/>\n<meta property=\"og:description\" content=\"Man\u017eetne kao detalj u modi oduvijek su imale pre\u0161utno pravo na posebne prilike. Vrhunsko odijelo, pripadaju\u0107a ko\u0161ulja, kravata, marama ili leptir-ma\u0161na zahtijevaju minimalne detalje, ali detalje sa stilom. Upravo takav detalj su man\u017eetne koji mogu biti dio va\u0161eg porodi\u010dnog naslije\u0111a ili naslije\u0111a zemlje u kojoj \u017eivite. A Zvekir to zaista jeste.Zvekir je nekada mijenjao zvono na vratima, najavljivao goste. Danas, u vrijeme modernih zvona, izgubio je prvobitni smisao, ali i dalje zadr\u017eao jaku simboliku. U pojedinim doma\u0107instvima Bosne i Hercegovine, Turske, Londona, Francuske, simbolizuje imovinsko stanje doma\u0107ina. Zvekir je danas jedan od simbola grada Sarajeva.\" \/>\n<meta property=\"og:url\" content=\"https:\/\/zvekir.ba\/en\/p\/manzetne-gold\/\" \/>\n<meta property=\"og:site_name\" content=\"Zvekir\" \/>\n<meta property=\"article:publisher\" content=\"https:\/\/www.facebook.com\/pozvekiri\/\" \/>\n<meta property=\"article:modified_time\" content=\"2026-04-14T17:29:07+00:00\" \/>\n<meta property=\"og:image\" content=\"https:\/\/zvekir.ba\/wp-content\/uploads\/2023\/08\/zmg.webp\" \/>\n\t<meta property=\"og:image:width\" content=\"1280\" \/>\n\t<meta property=\"og:image:height\" content=\"720\" \/>\n\t<meta property=\"og:image:type\" content=\"image\/webp\" \/>\n<meta name=\"twitter:card\" content=\"summary_large_image\" \/>\n<meta name=\"twitter:title\" content=\"Zvekir Man\u017eetne gold | Zvekir - Spoj tradicionalnog i modernog\" \/>\n<meta name=\"twitter:description\" content=\"Man\u017eetne kao detalj u modi oduvijek su imale pre\u0161utno pravo na posebne prilike. Vrhunsko odijelo, pripadaju\u0107a ko\u0161ulja, kravata, marama ili leptir-ma\u0161na zahtijevaju minimalne detalje, ali detalje sa stilom. Upravo takav detalj su man\u017eetne koji mogu biti dio va\u0161eg porodi\u010dnog naslije\u0111a ili naslije\u0111a zemlje u kojoj \u017eivite. A Zvekir to zaista jeste.Zvekir je nekada mijenjao zvono na vratima, najavljivao goste. Danas, u vrijeme modernih zvona, izgubio je prvobitni smisao, ali i dalje zadr\u017eao jaku simboliku. U pojedinim doma\u0107instvima Bosne i Hercegovine, Turske, Londona, Francuske, simbolizuje imovinsko stanje doma\u0107ina. Zvekir je danas jedan od simbola grada Sarajeva.\" \/>\n<meta name=\"twitter:label1\" content=\"Price\" \/>\n\t<meta name=\"twitter:data1\" content=\"49,00KM\" \/>\n\t<meta name=\"twitter:label2\" content=\"Availability\" \/>\n\t<meta name=\"twitter:data2\" content=\"In stock\" \/>\n<script type=\"application\/ld+json\" class=\"yoast-schema-graph\">{\"@context\":\"https:\\\/\\\/schema.org\",\"@graph\":[{\"@type\":\"WebPage\",\"@id\":\"https:\\\/\\\/zvekir.ba\\\/p\\\/manzetne-gold\\\/\",\"url\":\"https:\\\/\\\/zvekir.ba\\\/p\\\/manzetne-gold\\\/\",\"name\":\"Zvekir Man\u017eetne gold | Zvekir - Spoj tradicionalnog i modernog\",\"isPartOf\":{\"@id\":\"https:\\\/\\\/zvekir.ba\\\/#website\"},\"primaryImageOfPage\":{\"@id\":\"https:\\\/\\\/zvekir.ba\\\/p\\\/manzetne-gold\\\/#primaryimage\"},\"image\":{\"@id\":\"https:\\\/\\\/zvekir.ba\\\/p\\\/manzetne-gold\\\/#primaryimage\"},\"thumbnailUrl\":\"https:\\\/\\\/zvekir.ba\\\/wp-content\\\/uploads\\\/2023\\\/08\\\/eh3a9013.jpeg\",\"datePublished\":\"2023-08-30T19:39:38+00:00\",\"dateModified\":\"2026-04-14T17:29:07+00:00\",\"description\":\"Man\u017eetne kao detalj u modi oduvijek su imale pre\u0161utno pravo na posebne prilike. Vrhunsko odijelo, pripadaju\u0107a ko\u0161ulja, kravata, marama ili leptir-ma\u0161na zahtijevaju minimalne detalje, ali detalje sa stilom. Upravo takav detalj su man\u017eetne koji mogu biti dio va\u0161eg porodi\u010dnog naslije\u0111a ili naslije\u0111a zemlje u kojoj \u017eivite. A Zvekir to zaista jeste.\",\"breadcrumb\":{\"@id\":\"https:\\\/\\\/zvekir.ba\\\/p\\\/manzetne-gold\\\/#breadcrumb\"},\"inLanguage\":\"en-US\",\"potentialAction\":[{\"@type\":\"ReadAction\",\"target\":[\"https:\\\/\\\/zvekir.ba\\\/p\\\/manzetne-gold\\\/\"]}]},{\"@type\":\"ImageObject\",\"inLanguage\":\"en-US\",\"@id\":\"https:\\\/\\\/zvekir.ba\\\/p\\\/manzetne-gold\\\/#primaryimage\",\"url\":\"https:\\\/\\\/zvekir.ba\\\/wp-content\\\/uploads\\\/2023\\\/08\\\/eh3a9013.jpeg\",\"contentUrl\":\"https:\\\/\\\/zvekir.ba\\\/wp-content\\\/uploads\\\/2023\\\/08\\\/eh3a9013.jpeg\",\"width\":2048,\"height\":2048},{\"@type\":\"BreadcrumbList\",\"@id\":\"https:\\\/\\\/zvekir.ba\\\/p\\\/manzetne-gold\\\/#breadcrumb\",\"itemListElement\":[{\"@type\":\"ListItem\",\"position\":1,\"name\":\"Home\",\"item\":\"https:\\\/\\\/zvekir.ba\\\/\"},{\"@type\":\"ListItem\",\"position\":2,\"name\":\"Shop\",\"item\":\"https:\\\/\\\/zvekir.ba\\\/shop\\\/\"},{\"@type\":\"ListItem\",\"position\":3,\"name\":\"Zvekir Man\u017eetne gold\"}]},{\"@type\":\"WebSite\",\"@id\":\"https:\\\/\\\/zvekir.ba\\\/#website\",\"url\":\"https:\\\/\\\/zvekir.ba\\\/\",\"name\":\"Zvekir\",\"description\":\"Spoj tradicionalnog i modernog\",\"publisher\":{\"@id\":\"https:\\\/\\\/zvekir.ba\\\/#organization\"},\"potentialAction\":[{\"@type\":\"SearchAction\",\"target\":{\"@type\":\"EntryPoint\",\"urlTemplate\":\"https:\\\/\\\/zvekir.ba\\\/?s={search_term_string}\"},\"query-input\":{\"@type\":\"PropertyValueSpecification\",\"valueRequired\":true,\"valueName\":\"search_term_string\"}}],\"inLanguage\":\"en-US\"},{\"@type\":\"Organization\",\"@id\":\"https:\\\/\\\/zvekir.ba\\\/#organization\",\"name\":\"WEB387\",\"url\":\"https:\\\/\\\/zvekir.ba\\\/\",\"logo\":{\"@type\":\"ImageObject\",\"inLanguage\":\"en-US\",\"@id\":\"https:\\\/\\\/zvekir.ba\\\/#\\\/schema\\\/logo\\\/image\\\/\",\"url\":\"https:\\\/\\\/zvekir.ba\\\/wp-content\\\/uploads\\\/2023\\\/08\\\/zvekir_logo.png\",\"contentUrl\":\"https:\\\/\\\/zvekir.ba\\\/wp-content\\\/uploads\\\/2023\\\/08\\\/zvekir_logo.png\",\"width\":200,\"height\":242,\"caption\":\"WEB387\"},\"image\":{\"@id\":\"https:\\\/\\\/zvekir.ba\\\/#\\\/schema\\\/logo\\\/image\\\/\"},\"sameAs\":[\"https:\\\/\\\/www.facebook.com\\\/pozvekiri\\\/\",\"https:\\\/\\\/www.instagram.com\\\/zvekir.ba\\\/\",\"https:\\\/\\\/www.linkedin.com\\\/company\\\/zvekir-ba\"]}]}<\/script>\n<meta property=\"product:brand\" content=\"Zvekir\" \/>\n<meta property=\"product:price:amount\" content=\"49.00\" \/>\n<meta property=\"product:price:currency\" content=\"BAM\" \/>\n<meta property=\"og:availability\" content=\"instock\" \/>\n<meta property=\"product:availability\" content=\"instock\" \/>\n<meta property=\"product:retailer_item_id\" content=\"ZVMG\" \/>\n<meta property=\"product:condition\" content=\"new\" \/>\n<!-- \/ Yoast SEO Premium plugin. -->","yoast_head_json":{"title":"Zvekir Man\u017eetne gold | Zvekir - Spoj tradicionalnog i modernog","description":"Man\u017eetne kao detalj u modi oduvijek su imale pre\u0161utno pravo na posebne prilike. Vrhunsko odijelo, pripadaju\u0107a ko\u0161ulja, kravata, marama ili leptir-ma\u0161na zahtijevaju minimalne detalje, ali detalje sa stilom. Upravo takav detalj su man\u017eetne koji mogu biti dio va\u0161eg porodi\u010dnog naslije\u0111a ili naslije\u0111a zemlje u kojoj \u017eivite. A Zvekir to zaista jeste.","robots":{"index":"index","follow":"follow","max-snippet":"max-snippet:-1","max-image-preview":"max-image-preview:large","max-video-preview":"max-video-preview:-1"},"canonical":"https:\/\/zvekir.ba\/en\/p\/manzetne-gold\/","og_locale":"en_US","og_type":"article","og_title":"Zvekir Man\u017eetne gold | Zvekir - Spoj tradicionalnog i modernog","og_description":"Man\u017eetne kao detalj u modi oduvijek su imale pre\u0161utno pravo na posebne prilike. Vrhunsko odijelo, pripadaju\u0107a ko\u0161ulja, kravata, marama ili leptir-ma\u0161na zahtijevaju minimalne detalje, ali detalje sa stilom. Upravo takav detalj su man\u017eetne koji mogu biti dio va\u0161eg porodi\u010dnog naslije\u0111a ili naslije\u0111a zemlje u kojoj \u017eivite. A Zvekir to zaista jeste.Zvekir je nekada mijenjao zvono na vratima, najavljivao goste. Danas, u vrijeme modernih zvona, izgubio je prvobitni smisao, ali i dalje zadr\u017eao jaku simboliku. U pojedinim doma\u0107instvima Bosne i Hercegovine, Turske, Londona, Francuske, simbolizuje imovinsko stanje doma\u0107ina. Zvekir je danas jedan od simbola grada Sarajeva.","og_url":"https:\/\/zvekir.ba\/en\/p\/manzetne-gold\/","og_site_name":"Zvekir","article_publisher":"https:\/\/www.facebook.com\/pozvekiri\/","article_modified_time":"2026-04-14T17:29:07+00:00","og_image":[{"width":1280,"height":720,"url":"https:\/\/zvekir.ba\/wp-content\/uploads\/2023\/08\/zmg.webp","type":"image\/webp"}],"twitter_card":"summary_large_image","twitter_title":"Zvekir Man\u017eetne gold | Zvekir - Spoj tradicionalnog i modernog","twitter_description":"Man\u017eetne kao detalj u modi oduvijek su imale pre\u0161utno pravo na posebne prilike. Vrhunsko odijelo, pripadaju\u0107a ko\u0161ulja, kravata, marama ili leptir-ma\u0161na zahtijevaju minimalne detalje, ali detalje sa stilom. Upravo takav detalj su man\u017eetne koji mogu biti dio va\u0161eg porodi\u010dnog naslije\u0111a ili naslije\u0111a zemlje u kojoj \u017eivite. A Zvekir to zaista jeste.Zvekir je nekada mijenjao zvono na vratima, najavljivao goste. Danas, u vrijeme modernih zvona, izgubio je prvobitni smisao, ali i dalje zadr\u017eao jaku simboliku. U pojedinim doma\u0107instvima Bosne i Hercegovine, Turske, Londona, Francuske, simbolizuje imovinsko stanje doma\u0107ina. Zvekir je danas jedan od simbola grada Sarajeva.","twitter_misc":{"Price":"49,00KM","Availability":"In stock"},"schema":{"@context":"https:\/\/schema.org","@graph":[{"@type":"WebPage","@id":"https:\/\/zvekir.ba\/p\/manzetne-gold\/","url":"https:\/\/zvekir.ba\/p\/manzetne-gold\/","name":"Zvekir Man\u017eetne gold | Zvekir - Spoj tradicionalnog i modernog","isPartOf":{"@id":"https:\/\/zvekir.ba\/#website"},"primaryImageOfPage":{"@id":"https:\/\/zvekir.ba\/p\/manzetne-gold\/#primaryimage"},"image":{"@id":"https:\/\/zvekir.ba\/p\/manzetne-gold\/#primaryimage"},"thumbnailUrl":"https:\/\/zvekir.ba\/wp-content\/uploads\/2023\/08\/eh3a9013.jpeg","datePublished":"2023-08-30T19:39:38+00:00","dateModified":"2026-04-14T17:29:07+00:00","description":"Man\u017eetne kao detalj u modi oduvijek su imale pre\u0161utno pravo na posebne prilike. Vrhunsko odijelo, pripadaju\u0107a ko\u0161ulja, kravata, marama ili leptir-ma\u0161na zahtijevaju minimalne detalje, ali detalje sa stilom. Upravo takav detalj su man\u017eetne koji mogu biti dio va\u0161eg porodi\u010dnog naslije\u0111a ili naslije\u0111a zemlje u kojoj \u017eivite. A Zvekir to zaista jeste.","breadcrumb":{"@id":"https:\/\/zvekir.ba\/p\/manzetne-gold\/#breadcrumb"},"inLanguage":"en-US","potentialAction":[{"@type":"ReadAction","target":["https:\/\/zvekir.ba\/p\/manzetne-gold\/"]}]},{"@type":"ImageObject","inLanguage":"en-US","@id":"https:\/\/zvekir.ba\/p\/manzetne-gold\/#primaryimage","url":"https:\/\/zvekir.ba\/wp-content\/uploads\/2023\/08\/eh3a9013.jpeg","contentUrl":"https:\/\/zvekir.ba\/wp-content\/uploads\/2023\/08\/eh3a9013.jpeg","width":2048,"height":2048},{"@type":"BreadcrumbList","@id":"https:\/\/zvekir.ba\/p\/manzetne-gold\/#breadcrumb","itemListElement":[{"@type":"ListItem","position":1,"name":"Home","item":"https:\/\/zvekir.ba\/"},{"@type":"ListItem","position":2,"name":"Shop","item":"https:\/\/zvekir.ba\/shop\/"},{"@type":"ListItem","position":3,"name":"Zvekir Man\u017eetne gold"}]},{"@type":"WebSite","@id":"https:\/\/zvekir.ba\/#website","url":"https:\/\/zvekir.ba\/","name":"Zvekir","description":"A combination of traditional and modern","publisher":{"@id":"https:\/\/zvekir.ba\/#organization"},"potentialAction":[{"@type":"SearchAction","target":{"@type":"EntryPoint","urlTemplate":"https:\/\/zvekir.ba\/?s={search_term_string}"},"query-input":{"@type":"PropertyValueSpecification","valueRequired":true,"valueName":"search_term_string"}}],"inLanguage":"en-US"},{"@type":"Organization","@id":"https:\/\/zvekir.ba\/#organization","name":"WEB387","url":"https:\/\/zvekir.ba\/","logo":{"@type":"ImageObject","inLanguage":"en-US","@id":"https:\/\/zvekir.ba\/#\/schema\/logo\/image\/","url":"https:\/\/zvekir.ba\/wp-content\/uploads\/2023\/08\/zvekir_logo.png","contentUrl":"https:\/\/zvekir.ba\/wp-content\/uploads\/2023\/08\/zvekir_logo.png","width":200,"height":242,"caption":"WEB387"},"image":{"@id":"https:\/\/zvekir.ba\/#\/schema\/logo\/image\/"},"sameAs":["https:\/\/www.facebook.com\/pozvekiri\/","https:\/\/www.instagram.com\/zvekir.ba\/","https:\/\/www.linkedin.com\/company\/zvekir-ba"]}]},"product_brand":"Zvekir","product_price_amount":"49.00","product_price_currency":"BAM","og_availability":"instock","product_availability":"instock","product_retailer_item_id":"ZVMG","product_condition":"new"},"jetpack_sharing_enabled":true,"_links":{"self":[{"href":"https:\/\/zvekir.ba\/en\/wp-json\/wp\/v2\/product\/13161","targetHints":{"allow":["GET"]}}],"collection":[{"href":"https:\/\/zvekir.ba\/en\/wp-json\/wp\/v2\/product"}],"about":[{"href":"https:\/\/zvekir.ba\/en\/wp-json\/wp\/v2\/types\/product"}],"wp:featuredmedia":[{"embeddable":true,"href":"https:\/\/zvekir.ba\/en\/wp-json\/wp\/v2\/media\/15149"}],"wp:attachment":[{"href":"https:\/\/zvekir.ba\/en\/wp-json\/wp\/v2\/media?parent=13161"}],"wp:term":[{"taxonomy":"product_brand","embeddable":true,"href":"https:\/\/zvekir.ba\/en\/wp-json\/wp\/v2\/product_brand?post=13161"},{"taxonomy":"product_cat","embeddable":true,"href":"https:\/\/zvekir.ba\/en\/wp-json\/wp\/v2\/product_cat?post=13161"},{"taxonomy":"product_tag","embeddable":true,"href":"https:\/\/zvekir.ba\/en\/wp-json\/wp\/v2\/product_tag?post=13161"}],"curies":[{"name":"wp","href":"https:\/\/api.w.org\/{rel}","templated":true}]}}