{"id":13849,"date":"2024-04-12T12:53:27","date_gmt":"2024-04-12T12:53:27","guid":{"rendered":"https:\/\/zvekir.ba\/?post_type=product&#038;p=13849"},"modified":"2026-05-05T18:18:37","modified_gmt":"2026-05-05T18:18:37","slug":"pin","status":"publish","type":"product","link":"https:\/\/zvekir.ba\/en\/p\/pin\/","title":{"rendered":"Zvekir lapel pin"},"content":{"rendered":"<p>Zvekir pin za rever je suptilan, ali izra\u017eajan dodatak va\u0161em stajlingu koji odra\u017eava eleganciju i sofisticiranost. Ovaj pin je izra\u0111en sa pa\u017enjom prema detaljima, kombinuju\u0107i visokokvalitetne materijale sa sofisticiranim dizajnom. Sa svojim diskretnim dizajnom u obliku Zvekir koji je za\u0161ti\u010den i karakteristi\u010dan za brend Zvekir, ovaj pin dodaje notu individualnosti va\u0161em outfitu. Bilo da ga nosite uz odijelo ili na sakou, ovaj pin \u0107e ista\u0107i va\u0161u modnu osvije\u0161tenost i istovremeno doprinijeti va\u0161em profesionalnom izgledu. Pru\u017eaju\u0107i savr\u0161en spoj stila i funkcionalnosti, Zvekir pin za rever je neizostavan dodatak svakom modernom d\u017eentlmenu.<\/p>\n<p>Zvekir je nekada mijenjao zvono na vratima, najavljivao goste. Danas, u vrijeme modernih zvona, izgubio je prvobitni smisao, ali i dalje zadr\u017eao jaku simboliku. U pojedinim doma\u0107instvima Bosne i Hercegovine, Turske, Londona, Francuske, simbolizuje imovinsko stanje doma\u0107ina. Zvekir je danas jedan od simbola grada Sarajeva.<\/p>","protected":false},"excerpt":{"rendered":"<p>Zvekir pin za rever je suptilan, ali izra\u017eajan dodatak va\u0161em stajlingu koji odra\u017eava eleganciju i sofisticiranost.<\/p>\n<p><strong><span style=\"color: #0a8800;\"><img decoding=\"async\" class=\"alignnone size-full wp-image-16102\" src=\"https:\/\/zvekir.ba\/wp-content\/uploads\/2024\/04\/a6027173-542b-42fb-b114-b8aa52b04c0d.png.slim_.avif\" alt=\"\" width=\"20\" height=\"20\" srcset=\"https:\/\/zvekir.ba\/wp-content\/uploads\/2024\/04\/a6027173-542b-42fb-b114-b8aa52b04c0d.png.slim_.avif 150w, https:\/\/zvekir.ba\/wp-content\/uploads\/2024\/04\/a6027173-542b-42fb-b114-b8aa52b04c0d.png.slim_-12x12.avif 12w, https:\/\/zvekir.ba\/wp-content\/uploads\/2024\/04\/a6027173-542b-42fb-b114-b8aa52b04c0d.png.slim_-100x100.avif 100w\" sizes=\"(max-width: 20px) 100vw, 20px\" \/> Fast delivery<\/span><\/strong><\/p>\n<p><strong><span style=\"color: #0a8800;\"><img decoding=\"async\" class=\"alignnone size-full wp-image-16101\" src=\"https:\/\/zvekir.ba\/wp-content\/uploads\/2024\/04\/f0b6c9fb-7785-4d54-a3b0-02dcf9157ed6.png.slim_.avif\" alt=\"\" width=\"20\" height=\"20\" srcset=\"https:\/\/zvekir.ba\/wp-content\/uploads\/2024\/04\/f0b6c9fb-7785-4d54-a3b0-02dcf9157ed6.png.slim_.avif 51w, https:\/\/zvekir.ba\/wp-content\/uploads\/2024\/04\/f0b6c9fb-7785-4d54-a3b0-02dcf9157ed6.png.slim_-12x12.avif 12w\" sizes=\"(max-width: 20px) 100vw, 20px\" \/> Secure shopping<\/span><\/strong><\/p>\n<p><strong><span style=\"color: #0a8800;\"><img decoding=\"async\" class=\"alignnone size-full wp-image-16103\" src=\"https:\/\/zvekir.ba\/wp-content\/uploads\/2024\/04\/55991b45-9c98-48ae-b3e1-ebc46bc9dd81.png.slim_.avif\" alt=\"\" width=\"20\" height=\"20\" srcset=\"https:\/\/zvekir.ba\/wp-content\/uploads\/2024\/04\/55991b45-9c98-48ae-b3e1-ebc46bc9dd81.png.slim_.avif 64w, https:\/\/zvekir.ba\/wp-content\/uploads\/2024\/04\/55991b45-9c98-48ae-b3e1-ebc46bc9dd81.png.slim_-12x12.avif 12w\" sizes=\"(max-width: 20px) 100vw, 20px\" \/> Easy shopping<\/span><\/strong><\/p>\n<p><strong><span style=\"color: #0a8800;\"><img loading=\"lazy\" decoding=\"async\" class=\"alignnone size-full wp-image-16100\" src=\"https:\/\/zvekir.ba\/wp-content\/uploads\/2024\/04\/bfbe98c1-576c-4c5b-8442-d4ba69b4ae9c.png.slim_.avif\" alt=\"\" width=\"20\" height=\"20\" srcset=\"https:\/\/zvekir.ba\/wp-content\/uploads\/2024\/04\/bfbe98c1-576c-4c5b-8442-d4ba69b4ae9c.png.slim_.avif 51w, https:\/\/zvekir.ba\/wp-content\/uploads\/2024\/04\/bfbe98c1-576c-4c5b-8442-d4ba69b4ae9c.png.slim_-12x12.avif 12w\" sizes=\"(max-width: 20px) 100vw, 20px\" \/> Since 2017<\/span><\/strong><\/p>","protected":false},"featured_media":15675,"template":"","meta":{"inline_featured_image":false},"product_brand":[34],"product_cat":[126,54],"product_tag":[],"class_list":{"0":"post-13849","1":"product","2":"type-product","3":"status-publish","4":"has-post-thumbnail","6":"product_brand-zvekir","7":"product_cat-dodaci","8":"product_cat-zvekir-manzetne","10":"first","11":"instock","12":"taxable","13":"shipping-taxable","14":"purchasable","15":"product-type-variable","16":"has-default-attributes"},"yoast_head":"<!-- This site is optimized with the Yoast SEO Premium plugin v23.5 (Yoast SEO v27.5) - https:\/\/yoast.com\/product\/yoast-seo-premium-wordpress\/ -->\n<title>Zvekir pin za rever | Zvekir - Spoj tradicionalnog i modernog<\/title>\n<meta name=\"description\" content=\"Zvekir pin za rever \u2014 diskretan bosanski simbol na va\u0161em sakou. Dostupan u silver, gold i rose gold. Idealan suvenir ili poklon iz Sarajeva.\" \/>\n<meta name=\"robots\" content=\"index, follow, max-snippet:-1, max-image-preview:large, max-video-preview:-1\" \/>\n<link rel=\"canonical\" href=\"https:\/\/zvekir.ba\/en\/p\/pin\/\" \/>\n<meta property=\"og:locale\" content=\"en_US\" \/>\n<meta property=\"og:type\" content=\"article\" \/>\n<meta property=\"og:title\" content=\"Zvekir pin za rever | Zvekir - Spoj tradicionalnog i modernog\" \/>\n<meta property=\"og:description\" content=\"Zvekir pin za rever je suptilan, ali izra\u017eajan dodatak va\u0161em stajlingu koji odra\u017eava eleganciju i sofisticiranost. Ovaj pin je izra\u0111en sa pa\u017enjom prema detaljima, kombinuju\u0107i visokokvalitetne materijale sa sofisticiranim dizajnom.\" \/>\n<meta property=\"og:url\" content=\"https:\/\/zvekir.ba\/en\/p\/pin\/\" \/>\n<meta property=\"og:site_name\" content=\"Zvekir\" \/>\n<meta property=\"article:publisher\" content=\"https:\/\/www.facebook.com\/pozvekiri\/\" \/>\n<meta property=\"article:modified_time\" content=\"2026-05-05T18:18:37+00:00\" \/>\n<meta property=\"og:image\" content=\"https:\/\/zvekir.ba\/wp-content\/uploads\/2024\/04\/Zvekir_pin_02-Copy.png\" \/>\n\t<meta property=\"og:image:width\" content=\"1080\" \/>\n\t<meta property=\"og:image:height\" content=\"790\" \/>\n\t<meta property=\"og:image:type\" content=\"image\/png\" \/>\n<meta name=\"twitter:card\" content=\"summary_large_image\" \/>\n<meta name=\"twitter:title\" content=\"Zvekir pin za rever | Zvekir - Spoj tradicionalnog i modernog\" \/>\n<meta name=\"twitter:description\" content=\"Zvekir pin za rever je suptilan, ali izra\u017eajan dodatak va\u0161em stajlingu koji odra\u017eava eleganciju i sofisticiranost. Ovaj pin je izra\u0111en sa pa\u017enjom prema detaljima, kombinuju\u0107i visokokvalitetne materijale sa sofisticiranim dizajnom.\" \/>\n<meta name=\"twitter:label1\" content=\"Availability\" \/>\n\t<meta name=\"twitter:data1\" content=\"In stock\" \/>\n<script type=\"application\/ld+json\" class=\"yoast-schema-graph\">{\"@context\":\"https:\\\/\\\/schema.org\",\"@graph\":[{\"@type\":\"WebPage\",\"@id\":\"https:\\\/\\\/zvekir.ba\\\/p\\\/pin\\\/\",\"url\":\"https:\\\/\\\/zvekir.ba\\\/p\\\/pin\\\/\",\"name\":\"Zvekir pin za rever | Zvekir - Spoj tradicionalnog i modernog\",\"isPartOf\":{\"@id\":\"https:\\\/\\\/zvekir.ba\\\/#website\"},\"primaryImageOfPage\":{\"@id\":\"https:\\\/\\\/zvekir.ba\\\/p\\\/pin\\\/#primaryimage\"},\"image\":{\"@id\":\"https:\\\/\\\/zvekir.ba\\\/p\\\/pin\\\/#primaryimage\"},\"thumbnailUrl\":\"https:\\\/\\\/zvekir.ba\\\/wp-content\\\/uploads\\\/2024\\\/04\\\/Zvekir_pin_02.webp\",\"datePublished\":\"2024-04-12T12:53:27+00:00\",\"dateModified\":\"2026-05-05T18:18:37+00:00\",\"description\":\"Zvekir pin za rever \u2014 diskretan bosanski simbol na va\u0161em sakou. Dostupan u silver, gold i rose gold. Idealan suvenir ili poklon iz Sarajeva.\",\"breadcrumb\":{\"@id\":\"https:\\\/\\\/zvekir.ba\\\/p\\\/pin\\\/#breadcrumb\"},\"inLanguage\":\"en-US\",\"potentialAction\":[{\"@type\":\"ReadAction\",\"target\":[\"https:\\\/\\\/zvekir.ba\\\/p\\\/pin\\\/\"]}]},{\"@type\":\"ImageObject\",\"inLanguage\":\"en-US\",\"@id\":\"https:\\\/\\\/zvekir.ba\\\/p\\\/pin\\\/#primaryimage\",\"url\":\"https:\\\/\\\/zvekir.ba\\\/wp-content\\\/uploads\\\/2024\\\/04\\\/Zvekir_pin_02.webp\",\"contentUrl\":\"https:\\\/\\\/zvekir.ba\\\/wp-content\\\/uploads\\\/2024\\\/04\\\/Zvekir_pin_02.webp\",\"width\":1080,\"height\":1080},{\"@type\":\"BreadcrumbList\",\"@id\":\"https:\\\/\\\/zvekir.ba\\\/p\\\/pin\\\/#breadcrumb\",\"itemListElement\":[{\"@type\":\"ListItem\",\"position\":1,\"name\":\"Home\",\"item\":\"https:\\\/\\\/zvekir.ba\\\/\"},{\"@type\":\"ListItem\",\"position\":2,\"name\":\"Shop\",\"item\":\"https:\\\/\\\/zvekir.ba\\\/shop\\\/\"},{\"@type\":\"ListItem\",\"position\":3,\"name\":\"Zvekir pin za rever\"}]},{\"@type\":\"WebSite\",\"@id\":\"https:\\\/\\\/zvekir.ba\\\/#website\",\"url\":\"https:\\\/\\\/zvekir.ba\\\/\",\"name\":\"Zvekir\",\"description\":\"Spoj tradicionalnog i modernog\",\"publisher\":{\"@id\":\"https:\\\/\\\/zvekir.ba\\\/#organization\"},\"potentialAction\":[{\"@type\":\"SearchAction\",\"target\":{\"@type\":\"EntryPoint\",\"urlTemplate\":\"https:\\\/\\\/zvekir.ba\\\/?s={search_term_string}\"},\"query-input\":{\"@type\":\"PropertyValueSpecification\",\"valueRequired\":true,\"valueName\":\"search_term_string\"}}],\"inLanguage\":\"en-US\"},{\"@type\":\"Organization\",\"@id\":\"https:\\\/\\\/zvekir.ba\\\/#organization\",\"name\":\"WEB387\",\"url\":\"https:\\\/\\\/zvekir.ba\\\/\",\"logo\":{\"@type\":\"ImageObject\",\"inLanguage\":\"en-US\",\"@id\":\"https:\\\/\\\/zvekir.ba\\\/#\\\/schema\\\/logo\\\/image\\\/\",\"url\":\"https:\\\/\\\/zvekir.ba\\\/wp-content\\\/uploads\\\/2023\\\/08\\\/zvekir_logo.png\",\"contentUrl\":\"https:\\\/\\\/zvekir.ba\\\/wp-content\\\/uploads\\\/2023\\\/08\\\/zvekir_logo.png\",\"width\":200,\"height\":242,\"caption\":\"WEB387\"},\"image\":{\"@id\":\"https:\\\/\\\/zvekir.ba\\\/#\\\/schema\\\/logo\\\/image\\\/\"},\"sameAs\":[\"https:\\\/\\\/www.facebook.com\\\/pozvekiri\\\/\",\"https:\\\/\\\/www.instagram.com\\\/zvekir.ba\\\/\",\"https:\\\/\\\/www.linkedin.com\\\/company\\\/zvekir-ba\"]}]}<\/script>\n<meta property=\"product:brand\" content=\"Zvekir\" \/>\n<meta property=\"og:availability\" content=\"instock\" \/>\n<meta property=\"product:availability\" content=\"instock\" \/>\n<meta property=\"product:retailer_item_id\" content=\"ZVP\" \/>\n<meta property=\"product:condition\" content=\"new\" \/>\n<!-- \/ Yoast SEO Premium plugin. -->","yoast_head_json":{"title":"Zvekir pin za rever | Zvekir - Spoj tradicionalnog i modernog","description":"Zvekir pin za rever \u2014 diskretan bosanski simbol na va\u0161em sakou. Dostupan u silver, gold i rose gold. Idealan suvenir ili poklon iz Sarajeva.","robots":{"index":"index","follow":"follow","max-snippet":"max-snippet:-1","max-image-preview":"max-image-preview:large","max-video-preview":"max-video-preview:-1"},"canonical":"https:\/\/zvekir.ba\/en\/p\/pin\/","og_locale":"en_US","og_type":"article","og_title":"Zvekir pin za rever | Zvekir - Spoj tradicionalnog i modernog","og_description":"Zvekir pin za rever je suptilan, ali izra\u017eajan dodatak va\u0161em stajlingu koji odra\u017eava eleganciju i sofisticiranost. Ovaj pin je izra\u0111en sa pa\u017enjom prema detaljima, kombinuju\u0107i visokokvalitetne materijale sa sofisticiranim dizajnom.","og_url":"https:\/\/zvekir.ba\/en\/p\/pin\/","og_site_name":"Zvekir","article_publisher":"https:\/\/www.facebook.com\/pozvekiri\/","article_modified_time":"2026-05-05T18:18:37+00:00","og_image":[{"width":1080,"height":790,"url":"https:\/\/zvekir.ba\/wp-content\/uploads\/2024\/04\/Zvekir_pin_02-Copy.png","type":"image\/png"}],"twitter_card":"summary_large_image","twitter_title":"Zvekir pin za rever | Zvekir - Spoj tradicionalnog i modernog","twitter_description":"Zvekir pin za rever je suptilan, ali izra\u017eajan dodatak va\u0161em stajlingu koji odra\u017eava eleganciju i sofisticiranost. Ovaj pin je izra\u0111en sa pa\u017enjom prema detaljima, kombinuju\u0107i visokokvalitetne materijale sa sofisticiranim dizajnom.","twitter_misc":{"Availability":"In stock"},"schema":{"@context":"https:\/\/schema.org","@graph":[{"@type":"WebPage","@id":"https:\/\/zvekir.ba\/p\/pin\/","url":"https:\/\/zvekir.ba\/p\/pin\/","name":"Zvekir pin za rever | Zvekir - Spoj tradicionalnog i modernog","isPartOf":{"@id":"https:\/\/zvekir.ba\/#website"},"primaryImageOfPage":{"@id":"https:\/\/zvekir.ba\/p\/pin\/#primaryimage"},"image":{"@id":"https:\/\/zvekir.ba\/p\/pin\/#primaryimage"},"thumbnailUrl":"https:\/\/zvekir.ba\/wp-content\/uploads\/2024\/04\/Zvekir_pin_02.webp","datePublished":"2024-04-12T12:53:27+00:00","dateModified":"2026-05-05T18:18:37+00:00","description":"Zvekir pin za rever \u2014 diskretan bosanski simbol na va\u0161em sakou. Dostupan u silver, gold i rose gold. Idealan suvenir ili poklon iz Sarajeva.","breadcrumb":{"@id":"https:\/\/zvekir.ba\/p\/pin\/#breadcrumb"},"inLanguage":"en-US","potentialAction":[{"@type":"ReadAction","target":["https:\/\/zvekir.ba\/p\/pin\/"]}]},{"@type":"ImageObject","inLanguage":"en-US","@id":"https:\/\/zvekir.ba\/p\/pin\/#primaryimage","url":"https:\/\/zvekir.ba\/wp-content\/uploads\/2024\/04\/Zvekir_pin_02.webp","contentUrl":"https:\/\/zvekir.ba\/wp-content\/uploads\/2024\/04\/Zvekir_pin_02.webp","width":1080,"height":1080},{"@type":"BreadcrumbList","@id":"https:\/\/zvekir.ba\/p\/pin\/#breadcrumb","itemListElement":[{"@type":"ListItem","position":1,"name":"Home","item":"https:\/\/zvekir.ba\/"},{"@type":"ListItem","position":2,"name":"Shop","item":"https:\/\/zvekir.ba\/shop\/"},{"@type":"ListItem","position":3,"name":"Zvekir pin za rever"}]},{"@type":"WebSite","@id":"https:\/\/zvekir.ba\/#website","url":"https:\/\/zvekir.ba\/","name":"Zvekir","description":"A combination of traditional and modern","publisher":{"@id":"https:\/\/zvekir.ba\/#organization"},"potentialAction":[{"@type":"SearchAction","target":{"@type":"EntryPoint","urlTemplate":"https:\/\/zvekir.ba\/?s={search_term_string}"},"query-input":{"@type":"PropertyValueSpecification","valueRequired":true,"valueName":"search_term_string"}}],"inLanguage":"en-US"},{"@type":"Organization","@id":"https:\/\/zvekir.ba\/#organization","name":"WEB387","url":"https:\/\/zvekir.ba\/","logo":{"@type":"ImageObject","inLanguage":"en-US","@id":"https:\/\/zvekir.ba\/#\/schema\/logo\/image\/","url":"https:\/\/zvekir.ba\/wp-content\/uploads\/2023\/08\/zvekir_logo.png","contentUrl":"https:\/\/zvekir.ba\/wp-content\/uploads\/2023\/08\/zvekir_logo.png","width":200,"height":242,"caption":"WEB387"},"image":{"@id":"https:\/\/zvekir.ba\/#\/schema\/logo\/image\/"},"sameAs":["https:\/\/www.facebook.com\/pozvekiri\/","https:\/\/www.instagram.com\/zvekir.ba\/","https:\/\/www.linkedin.com\/company\/zvekir-ba"]}]},"product_brand":"Zvekir","og_availability":"instock","product_availability":"instock","product_retailer_item_id":"ZVP","product_condition":"new"},"jetpack_sharing_enabled":true,"_links":{"self":[{"href":"https:\/\/zvekir.ba\/en\/wp-json\/wp\/v2\/product\/13849","targetHints":{"allow":["GET"]}}],"collection":[{"href":"https:\/\/zvekir.ba\/en\/wp-json\/wp\/v2\/product"}],"about":[{"href":"https:\/\/zvekir.ba\/en\/wp-json\/wp\/v2\/types\/product"}],"wp:featuredmedia":[{"embeddable":true,"href":"https:\/\/zvekir.ba\/en\/wp-json\/wp\/v2\/media\/15675"}],"wp:attachment":[{"href":"https:\/\/zvekir.ba\/en\/wp-json\/wp\/v2\/media?parent=13849"}],"wp:term":[{"taxonomy":"product_brand","embeddable":true,"href":"https:\/\/zvekir.ba\/en\/wp-json\/wp\/v2\/product_brand?post=13849"},{"taxonomy":"product_cat","embeddable":true,"href":"https:\/\/zvekir.ba\/en\/wp-json\/wp\/v2\/product_cat?post=13849"},{"taxonomy":"product_tag","embeddable":true,"href":"https:\/\/zvekir.ba\/en\/wp-json\/wp\/v2\/product_tag?post=13849"}],"curies":[{"name":"wp","href":"https:\/\/api.w.org\/{rel}","templated":true}]}}